{"id":6589,"date":"2022-07-13T12:25:59","date_gmt":"2022-07-13T10:25:59","guid":{"rendered":"https:\/\/www.greenvass.es\/nouveautes\/"},"modified":"2022-07-13T12:25:59","modified_gmt":"2022-07-13T10:25:59","slug":"nouveautes","status":"publish","type":"page","link":"https:\/\/www.greenvass.es\/fr\/nouveautes\/","title":{"rendered":"Nouveautes"},"content":{"rendered":"<p>[vc_row css_animation=&#8221;&#8221; row_type=&#8221;row&#8221; use_row_as_full_screen_section=&#8221;no&#8221; type=&#8221;grid&#8221; angled_section=&#8221;no&#8221; text_align=&#8221;left&#8221; background_image_as_pattern=&#8221;without_pattern&#8221; padding_bottom=&#8221;30&#8243; z_index=&#8221;&#8221; css=&#8221;.vc_custom_1519805768361{background-color: #f7f3f1 !important;}&#8221;][vc_column css=&#8221;.vc_custom_1519807360739{margin-top: -14% !important;}&#8221;][qode_elements_holder number_of_columns=&#8221;one_column&#8221;][qode_elements_holder_item advanced_animations=&#8221;no&#8221; item_padding=&#8221;90px 0 0 0&#8243; item_padding_600_768=&#8221;8px 0 0 0&#8243; item_padding_480_600=&#8221;0px 0 0 0&#8243; item_padding_480=&#8221;0px 0 0 0&#8243;][vc_empty_space height=&#8221;1px&#8221;][\/qode_elements_holder_item][\/qode_elements_holder][vc_empty_space height=&#8221;66px&#8221;][vc_empty_space height=&#8221;66px&#8221;]<div class=\"qode-advanced-tabs qode-advanced-tabs qode-advanced-horizontal-tab clearfix qode-advanced-tab-without-icon qode-advanced-tabs-column-0 clearfix\">\n\t<ul class=\"qode-advanced-tabs-nav\">\n\t\t\t<\/ul>\n\t<div class=\"qode-advanced-tab-container\" id=\"tab-tab-797\" data-icon-pack=\"\" data-icon-html=\"\">[vc_row_inner row_type=&#8221;row&#8221; type=&#8221;full_width&#8221; text_align=&#8221;left&#8221; css_animation=&#8221;&#8221;][vc_column_inner offset=&#8221;vc_col-lg-3 vc_col-md-6&#8243;][vc_empty_space height=&#8221;20px&#8221;][vc_column_text]<\/p>\n<h3>Colle horticole pour troncs et branches<\/h3>\n<p>[\/vc_column_text][vc_empty_space height=&#8221;20px&#8221;][vc_empty_space height=&#8221;20px&#8221;][vc_empty_space height=&#8221;20px&#8221;][vc_single_image image=&#8221;5555&#8243; img_size=&#8221;350&#215;350&#8243; alignment=&#8221;center&#8221; qode_css_animation=&#8221;&#8221; qode_hover_animation=&#8221;darken&#8221;][vc_empty_space height=&#8221;20px&#8221;][qode_elements_holder number_of_columns=&#8221;one_column&#8221;][qode_elements_holder_item horizontal_alignment=&#8221;center&#8221; advanced_animations=&#8221;no&#8221;]\n\n\t<a href=\"https:\/\/www.greenvass.es\/formulario\/\" target=\"_blank\" style=\"color: #78b82a;font-family: Work sans;font-size: 17px\" class=\"qode-btn qode-btn-medium qode-btn-simple qode-btn-custom-hover-color qode-btn-icon qode-btn-default-hover\" data-hover-color=\"#90dd33\" >\n\t    <span class=\"qode-btn-text\">Fiche technique<\/span><span class=\"qode-button-v2-icon-holder\"  ><i class=\"qodef-icon-dripicons dripicon dripicons-download qode-button-v2-icon-holder-inner\" ><\/i><\/span>\t<\/a>\n\n[\/qode_elements_holder_item][\/qode_elements_holder][\/vc_column_inner][vc_column_inner offset=&#8221;vc_col-lg-3 vc_col-md-6&#8243;][vc_empty_space height=&#8221;20px&#8221;][vc_column_text]GREENTAC est une colle en p\u00e2te qui cr\u00e9e une barri\u00e8re physique sur la surface du tronc, emp\u00eachant la mont\u00e9e d\u2019insectes ind\u00e9sirables sur les parties sup\u00e9rieures de l\u2019arbre: fourmis, cochenilles, perce-oreille, chenilles ou autres insectes grimpants.<\/p>\n<p>Il a une efficacit\u00e9 allant jusqu\u2019\u00e0 24 semaines, ou lorsque la surface est recouverte de poussi\u00e8re et d\u2019insectes, et est r\u00e9sistant \u00e0 l\u2019eau.[\/vc_column_text][vc_empty_space height=&#8221;20px&#8221;][\/vc_column_inner][vc_column_inner offset=&#8221;vc_col-lg-3 vc_col-md-6&#8243;][vc_empty_space height=&#8221;20px&#8221;][vc_column_text]CONSEILS PRATIQUES:<\/p>\n<p>Chez les arbres fruitiers sensibles (tr\u00e8s jeunes arbres), l&#8217;application directe sur le tronc peut entra\u00eener une n\u00e9crose de l\u2019\u00e9corce. Pour \u00e9viter cela, couvrir la zone de tronc souhait\u00e9e avec du papier r\u00e9sistant \u00e0 l\u2019eau et appliquer GREENTAC sur le papier.<br \/>\nProtection des oiseaux : \u00e9viter l\u2019application du produit sur les branches horizontales pour ne pas pi\u00e9ger les oiseaux insectivores.<\/p>\n<p>COMPOSITION: Polybut\u00e8ne (N\u00ba CAS 90003-29-6)[\/vc_column_text][vc_empty_space height=&#8221;20px&#8221;][\/vc_column_inner][vc_column_inner offset=&#8221;vc_col-lg-3 vc_col-md-6&#8243;][vc_empty_space height=&#8221;20px&#8221;][vc_column_text]<\/p>\n<ul>\n<li>Application facile avec une spatule.<\/li>\n<li>Compact et r\u00e9sistant aux conditions climatiques : il ne se d\u00e9tache pas et ne fuit pas, formant une barri\u00e8re durable contre la mont\u00e9e d\u2019insectes nuisibles.<\/li>\n<\/ul>\n<p>[\/vc_column_text][vc_empty_space height=&#8221;20px&#8221;][vc_gallery interval=&#8221;3&#8243; images=&#8221;5534,5563,5531&#8243;][vc_empty_space height=&#8221;20px&#8221;][\/vc_column_inner][\/vc_row_inner]<\/div><\/div>[\/vc_column][\/vc_row][vc_column][vc_empty_space height=&#8221;66px&#8221;]<br \/>\n          [vc_empty_space height=&#8221;66px&#8221;][\/vc_column]<\/p>\n","protected":false},"excerpt":{"rendered":"<p>[vc_row css_animation=&#8221;&#8221; row_type=&#8221;row&#8221; use_row_as_full_screen_section=&#8221;no&#8221; type=&#8221;grid&#8221; angled_section=&#8221;no&#8221; text_align=&#8221;left&#8221; background_image_as_pattern=&#8221;without_pattern&#8221; padding_bottom=&#8221;30&#8243; z_index=&#8221;&#8221; css=&#8221;.vc_custom_1519805768361{background-color: #f7f3f1 !important;}&#8221;][vc_column css=&#8221;.vc_custom_1519807360739{margin-top: -14% !important;}&#8221;][qode_elements_holder number_of_columns=&#8221;one_column&#8221;][qode_elements_holder_item advanced_animations=&#8221;no&#8221; item_padding=&#8221;90px 0 0 0&#8243; item_padding_600_768=&#8221;8px 0 0 0&#8243; item_padding_480_600=&#8221;0px 0 0 0&#8243; item_padding_480=&#8221;0px 0 0 0&#8243;][vc_empty_space height=&#8221;1px&#8221;][\/qode_elements_holder_item][\/qode_elements_holder][vc_empty_space height=&#8221;66px&#8221;][vc_empty_space height=&#8221;66px&#8221;][\/vc_column][\/vc_row][vc_column][vc_empty_space height=&#8221;66px&#8221;] [vc_empty_space height=&#8221;66px&#8221;][\/vc_column]<\/p>\n","protected":false},"author":2,"featured_media":0,"parent":0,"menu_order":0,"comment_status":"closed","ping_status":"closed","template":"","meta":{"_monsterinsights_skip_tracking":false,"_monsterinsights_sitenote_active":false,"_monsterinsights_sitenote_note":"","_monsterinsights_sitenote_category":0},"yoast_head":"<!-- This site is optimized with the Yoast SEO plugin v19.4 - https:\/\/yoast.com\/wordpress\/plugins\/seo\/ -->\n<title>Nouveautes - Greenvass<\/title>\n<meta name=\"robots\" content=\"index, follow, max-snippet:-1, max-image-preview:large, max-video-preview:-1\" \/>\n<link rel=\"canonical\" href=\"https:\/\/www.greenvass.es\/fr\/nouveautes\/\" \/>\n<meta property=\"og:locale\" content=\"fr_FR\" \/>\n<meta property=\"og:type\" content=\"article\" \/>\n<meta property=\"og:title\" content=\"Nouveautes - Greenvass\" \/>\n<meta property=\"og:description\" content=\"[vc_row css_animation=&#8221;&#8221; row_type=&#8221;row&#8221; use_row_as_full_screen_section=&#8221;no&#8221; type=&#8221;grid&#8221; angled_section=&#8221;no&#8221; text_align=&#8221;left&#8221; background_image_as_pattern=&#8221;without_pattern&#8221; padding_bottom=&#8221;30&#8243; z_index=&#8221;&#8221; css=&#8221;.vc_custom_1519805768361{background-color: #f7f3f1 !important;}&#8221;][vc_column css=&#8221;.vc_custom_1519807360739{margin-top: -14% !important;}&#8221;][qode_elements_holder number_of_columns=&#8221;one_column&#8221;][qode_elements_holder_item advanced_animations=&#8221;no&#8221; item_padding=&#8221;90px 0 0 0&#8243; item_padding_600_768=&#8221;8px 0 0 0&#8243; item_padding_480_600=&#8221;0px 0 0 0&#8243; item_padding_480=&#8221;0px 0 0 0&#8243;][vc_empty_space height=&#8221;1px&#8221;][\/qode_elements_holder_item][\/qode_elements_holder][vc_empty_space height=&#8221;66px&#8221;][vc_empty_space height=&#8221;66px&#8221;][\/vc_column][\/vc_row][vc_column][vc_empty_space height=&#8221;66px&#8221;] [vc_empty_space height=&#8221;66px&#8221;][\/vc_column]\" \/>\n<meta property=\"og:url\" content=\"https:\/\/www.greenvass.es\/fr\/nouveautes\/\" \/>\n<meta property=\"og:site_name\" content=\"Greenvass\" \/>\n<meta property=\"article:publisher\" content=\"https:\/\/www.facebook.com\/greenvass\" \/>\n<meta name=\"twitter:card\" content=\"summary_large_image\" \/>\n<meta name=\"twitter:site\" content=\"@GREENVASS\" \/>\n<meta name=\"twitter:label1\" content=\"Dur\u00e9e de lecture estim\u00e9e\" \/>\n\t<meta name=\"twitter:data1\" content=\"3 minutes\" \/>\n<script type=\"application\/ld+json\" class=\"yoast-schema-graph\">{\"@context\":\"https:\/\/schema.org\",\"@graph\":[{\"@type\":\"Organization\",\"@id\":\"https:\/\/www.greenvass.es\/fr\/#organization\",\"name\":\"Greenvass\",\"url\":\"https:\/\/www.greenvass.es\/fr\/\",\"sameAs\":[\"https:\/\/www.instagram.com\/greenvass\/\",\"https:\/\/www.linkedin.com\/company\/greenvass\/?viewAsMember=true\",\"https:\/\/www.facebook.com\/greenvass\",\"https:\/\/twitter.com\/GREENVASS\"],\"logo\":{\"@type\":\"ImageObject\",\"inLanguage\":\"fr-FR\",\"@id\":\"https:\/\/www.greenvass.es\/fr\/#\/schema\/logo\/image\/\",\"url\":\"https:\/\/www.greenvass.es\/wp-content\/uploads\/2019\/10\/Lb.png\",\"contentUrl\":\"https:\/\/www.greenvass.es\/wp-content\/uploads\/2019\/10\/Lb.png\",\"width\":595,\"height\":191,\"caption\":\"Greenvass\"},\"image\":{\"@id\":\"https:\/\/www.greenvass.es\/fr\/#\/schema\/logo\/image\/\"}},{\"@type\":\"WebSite\",\"@id\":\"https:\/\/www.greenvass.es\/fr\/#website\",\"url\":\"https:\/\/www.greenvass.es\/fr\/\",\"name\":\"Greenvass\",\"description\":\"Technology &amp; Innovation in agriculture\",\"publisher\":{\"@id\":\"https:\/\/www.greenvass.es\/fr\/#organization\"},\"potentialAction\":[{\"@type\":\"SearchAction\",\"target\":{\"@type\":\"EntryPoint\",\"urlTemplate\":\"https:\/\/www.greenvass.es\/fr\/?s={search_term_string}\"},\"query-input\":\"required name=search_term_string\"}],\"inLanguage\":\"fr-FR\"},{\"@type\":\"WebPage\",\"@id\":\"https:\/\/www.greenvass.es\/fr\/nouveautes\/\",\"url\":\"https:\/\/www.greenvass.es\/fr\/nouveautes\/\",\"name\":\"Nouveautes - Greenvass\",\"isPartOf\":{\"@id\":\"https:\/\/www.greenvass.es\/fr\/#website\"},\"datePublished\":\"2022-07-13T10:25:59+00:00\",\"dateModified\":\"2022-07-13T10:25:59+00:00\",\"breadcrumb\":{\"@id\":\"https:\/\/www.greenvass.es\/fr\/nouveautes\/#breadcrumb\"},\"inLanguage\":\"fr-FR\",\"potentialAction\":[{\"@type\":\"ReadAction\",\"target\":[\"https:\/\/www.greenvass.es\/fr\/nouveautes\/\"]}]},{\"@type\":\"BreadcrumbList\",\"@id\":\"https:\/\/www.greenvass.es\/fr\/nouveautes\/#breadcrumb\",\"itemListElement\":[{\"@type\":\"ListItem\",\"position\":1,\"name\":\"Portada\",\"item\":\"https:\/\/www.greenvass.es\/fr\/\"},{\"@type\":\"ListItem\",\"position\":2,\"name\":\"Nouveautes\"}]}]}<\/script>\n<!-- \/ Yoast SEO plugin. -->","yoast_head_json":{"title":"Nouveautes - Greenvass","robots":{"index":"index","follow":"follow","max-snippet":"max-snippet:-1","max-image-preview":"max-image-preview:large","max-video-preview":"max-video-preview:-1"},"canonical":"https:\/\/www.greenvass.es\/fr\/nouveautes\/","og_locale":"fr_FR","og_type":"article","og_title":"Nouveautes - Greenvass","og_description":"[vc_row css_animation=&#8221;&#8221; row_type=&#8221;row&#8221; use_row_as_full_screen_section=&#8221;no&#8221; type=&#8221;grid&#8221; angled_section=&#8221;no&#8221; text_align=&#8221;left&#8221; background_image_as_pattern=&#8221;without_pattern&#8221; padding_bottom=&#8221;30&#8243; z_index=&#8221;&#8221; css=&#8221;.vc_custom_1519805768361{background-color: #f7f3f1 !important;}&#8221;][vc_column css=&#8221;.vc_custom_1519807360739{margin-top: -14% !important;}&#8221;][qode_elements_holder number_of_columns=&#8221;one_column&#8221;][qode_elements_holder_item advanced_animations=&#8221;no&#8221; item_padding=&#8221;90px 0 0 0&#8243; item_padding_600_768=&#8221;8px 0 0 0&#8243; item_padding_480_600=&#8221;0px 0 0 0&#8243; item_padding_480=&#8221;0px 0 0 0&#8243;][vc_empty_space height=&#8221;1px&#8221;][\/qode_elements_holder_item][\/qode_elements_holder][vc_empty_space height=&#8221;66px&#8221;][vc_empty_space height=&#8221;66px&#8221;][\/vc_column][\/vc_row][vc_column][vc_empty_space height=&#8221;66px&#8221;] [vc_empty_space height=&#8221;66px&#8221;][\/vc_column]","og_url":"https:\/\/www.greenvass.es\/fr\/nouveautes\/","og_site_name":"Greenvass","article_publisher":"https:\/\/www.facebook.com\/greenvass","twitter_card":"summary_large_image","twitter_site":"@GREENVASS","twitter_misc":{"Dur\u00e9e de lecture estim\u00e9e":"3 minutes"},"schema":{"@context":"https:\/\/schema.org","@graph":[{"@type":"Organization","@id":"https:\/\/www.greenvass.es\/fr\/#organization","name":"Greenvass","url":"https:\/\/www.greenvass.es\/fr\/","sameAs":["https:\/\/www.instagram.com\/greenvass\/","https:\/\/www.linkedin.com\/company\/greenvass\/?viewAsMember=true","https:\/\/www.facebook.com\/greenvass","https:\/\/twitter.com\/GREENVASS"],"logo":{"@type":"ImageObject","inLanguage":"fr-FR","@id":"https:\/\/www.greenvass.es\/fr\/#\/schema\/logo\/image\/","url":"https:\/\/www.greenvass.es\/wp-content\/uploads\/2019\/10\/Lb.png","contentUrl":"https:\/\/www.greenvass.es\/wp-content\/uploads\/2019\/10\/Lb.png","width":595,"height":191,"caption":"Greenvass"},"image":{"@id":"https:\/\/www.greenvass.es\/fr\/#\/schema\/logo\/image\/"}},{"@type":"WebSite","@id":"https:\/\/www.greenvass.es\/fr\/#website","url":"https:\/\/www.greenvass.es\/fr\/","name":"Greenvass","description":"Technology &amp; Innovation in agriculture","publisher":{"@id":"https:\/\/www.greenvass.es\/fr\/#organization"},"potentialAction":[{"@type":"SearchAction","target":{"@type":"EntryPoint","urlTemplate":"https:\/\/www.greenvass.es\/fr\/?s={search_term_string}"},"query-input":"required name=search_term_string"}],"inLanguage":"fr-FR"},{"@type":"WebPage","@id":"https:\/\/www.greenvass.es\/fr\/nouveautes\/","url":"https:\/\/www.greenvass.es\/fr\/nouveautes\/","name":"Nouveautes - Greenvass","isPartOf":{"@id":"https:\/\/www.greenvass.es\/fr\/#website"},"datePublished":"2022-07-13T10:25:59+00:00","dateModified":"2022-07-13T10:25:59+00:00","breadcrumb":{"@id":"https:\/\/www.greenvass.es\/fr\/nouveautes\/#breadcrumb"},"inLanguage":"fr-FR","potentialAction":[{"@type":"ReadAction","target":["https:\/\/www.greenvass.es\/fr\/nouveautes\/"]}]},{"@type":"BreadcrumbList","@id":"https:\/\/www.greenvass.es\/fr\/nouveautes\/#breadcrumb","itemListElement":[{"@type":"ListItem","position":1,"name":"Portada","item":"https:\/\/www.greenvass.es\/fr\/"},{"@type":"ListItem","position":2,"name":"Nouveautes"}]}]}},"_links":{"self":[{"href":"https:\/\/www.greenvass.es\/fr\/wp-json\/wp\/v2\/pages\/6589"}],"collection":[{"href":"https:\/\/www.greenvass.es\/fr\/wp-json\/wp\/v2\/pages"}],"about":[{"href":"https:\/\/www.greenvass.es\/fr\/wp-json\/wp\/v2\/types\/page"}],"author":[{"embeddable":true,"href":"https:\/\/www.greenvass.es\/fr\/wp-json\/wp\/v2\/users\/2"}],"replies":[{"embeddable":true,"href":"https:\/\/www.greenvass.es\/fr\/wp-json\/wp\/v2\/comments?post=6589"}],"version-history":[{"count":2,"href":"https:\/\/www.greenvass.es\/fr\/wp-json\/wp\/v2\/pages\/6589\/revisions"}],"predecessor-version":[{"id":6591,"href":"https:\/\/www.greenvass.es\/fr\/wp-json\/wp\/v2\/pages\/6589\/revisions\/6591"}],"wp:attachment":[{"href":"https:\/\/www.greenvass.es\/fr\/wp-json\/wp\/v2\/media?parent=6589"}],"curies":[{"name":"wp","href":"https:\/\/api.w.org\/{rel}","templated":true}]}}