{"id":5086,"date":"2021-02-10T13:16:45","date_gmt":"2021-02-10T12:16:45","guid":{"rendered":"https:\/\/www.greenvass.es\/formulaire\/"},"modified":"2023-08-25T17:20:43","modified_gmt":"2023-08-25T15:20:43","slug":"formulaire","status":"publish","type":"page","link":"https:\/\/www.greenvass.es\/fr\/formulaire\/","title":{"rendered":"Se connecter"},"content":{"rendered":"<p>[vc_row css_animation=&#8221;&#8221; row_type=&#8221;row&#8221; use_row_as_full_screen_section=&#8221;no&#8221; type=&#8221;grid&#8221; angled_section=&#8221;no&#8221; text_align=&#8221;left&#8221; background_image_as_pattern=&#8221;without_pattern&#8221; padding_bottom=&#8221;30&#8243; z_index=&#8221;&#8221; css=&#8221;.vc_custom_1519805768361{background-color: #f7f3f1 !important;}&#8221;][vc_column css=&#8221;.vc_custom_1519807360739{margin-top: -14% !important;}&#8221;]<div class=\"qode-advanced-tabs qode-advanced-tabs qode-advanced-horizontal-tab clearfix qode-advanced-tab-without-icon qode-advanced-tabs-column-0 clearfix\">\n\t<ul class=\"qode-advanced-tabs-nav\">\n\t\t\t<\/ul>\n\t<div class=\"qode-advanced-tab-container\" id=\"tab-tab-550\" data-icon-pack=\"\" data-icon-html=\"\">[vc_row_inner row_type=&#8221;row&#8221; type=&#8221;full_width&#8221; text_align=&#8221;left&#8221; css_animation=&#8221;&#8221; background_color=&#8221;#f7f7f7&#8243; padding_top=&#8221;200&#8243; padding_bottom=&#8221;200&#8243;][vc_column_inner width=&#8221;1\/4&#8243;][\/vc_column_inner][vc_column_inner width=&#8221;1\/2&#8243;][vc_column_text]Se connecter ou s&#8217;enregistrer pour t\u00e9l\u00e9charger les fichiers.[\/vc_column_text][vc_empty_space height=&#8221;5px&#8221;][vc_empty_space height=&#8221;5px&#8221;][vc_raw_html]JTVCdWx0aW1hdGVtZW1iZXIlMjBmb3JtX2lkJTNEJTIyNzA2OCUyMiU1RA==[\/vc_raw_html][vc_empty_space height=&#8221;5px&#8221;][vc_column_text]<\/p>\n<h6 style=\"text-align: left;\">En m&#8217;inscrivant, j&#8217;accepte:<a href=\"https:\/\/www.greenvass.es\/fr\/politique-de-confidentialite\/\">la politique de confidentialit\u00e9<\/a>, <a href=\"https:\/\/www.greenvass.es\/fr\/politique-de-cookies\/\">la politique en mati\u00e8re de cookies<\/a> y <a href=\"https:\/\/www.greenvass.es\/fr\/mention-legale\/\">mentions l\u00e9gales<\/a><\/h6>\n<h6 style=\"text-align: left;\"><span style=\"color: #76bc21;\">Responsable:<\/span>Greenvass<br \/>\n<span style=\"color: #76bc21;\">Objectif:<\/span>donner acc\u00e8s au document demand\u00e9.<br \/>\n<span style=\"color: #76bc21;\">L\u00e9gitimation:<\/span>consentement de la personne concern\u00e9e.<br \/>\n<span style=\"color: #76bc21;\">Destinataires:<\/span>Aucune donn\u00e9e ne sera transmise \u00e0 des tiers, sauf en cas d&#8217;obligation l\u00e9gale.<br \/>\n<span style=\"color: #76bc21;\">Les droits:<\/span>Acc\u00e8s, rectification, suppression des donn\u00e9es et autres droits, comme expliqu\u00e9 dans les informations compl\u00e9mentaires.<\/h6>\n<p>[\/vc_column_text][\/vc_column_inner][vc_column_inner width=&#8221;1\/4&#8243; el_id=&#8221;hueco&#8221;][\/vc_column_inner][\/vc_row_inner]<\/div><\/div>[\/vc_column][\/vc_row]<\/p>\n","protected":false},"excerpt":{"rendered":"<p>[vc_row css_animation=&#8221;&#8221; row_type=&#8221;row&#8221; use_row_as_full_screen_section=&#8221;no&#8221; type=&#8221;grid&#8221; angled_section=&#8221;no&#8221; text_align=&#8221;left&#8221; background_image_as_pattern=&#8221;without_pattern&#8221; padding_bottom=&#8221;30&#8243; z_index=&#8221;&#8221; css=&#8221;.vc_custom_1519805768361{background-color: #f7f3f1 !important;}&#8221;][vc_column css=&#8221;.vc_custom_1519807360739{margin-top: -14% !important;}&#8221;][\/vc_column][\/vc_row]<\/p>\n","protected":false},"author":2,"featured_media":0,"parent":0,"menu_order":0,"comment_status":"closed","ping_status":"closed","template":"","meta":{"_monsterinsights_skip_tracking":false,"_monsterinsights_sitenote_active":false,"_monsterinsights_sitenote_note":"","_monsterinsights_sitenote_category":0},"yoast_head":"<!-- This site is optimized with the Yoast SEO plugin v19.4 - https:\/\/yoast.com\/wordpress\/plugins\/seo\/ -->\n<title>Se connecter - Greenvass<\/title>\n<meta name=\"robots\" content=\"index, follow, max-snippet:-1, max-image-preview:large, max-video-preview:-1\" \/>\n<link rel=\"canonical\" href=\"https:\/\/www.greenvass.es\/fr\/formulaire\/\" \/>\n<meta property=\"og:locale\" content=\"fr_FR\" \/>\n<meta property=\"og:type\" content=\"article\" \/>\n<meta property=\"og:title\" content=\"Se connecter - Greenvass\" \/>\n<meta property=\"og:description\" content=\"[vc_row css_animation=&#8221;&#8221; row_type=&#8221;row&#8221; use_row_as_full_screen_section=&#8221;no&#8221; type=&#8221;grid&#8221; angled_section=&#8221;no&#8221; text_align=&#8221;left&#8221; background_image_as_pattern=&#8221;without_pattern&#8221; padding_bottom=&#8221;30&#8243; z_index=&#8221;&#8221; css=&#8221;.vc_custom_1519805768361{background-color: #f7f3f1 !important;}&#8221;][vc_column css=&#8221;.vc_custom_1519807360739{margin-top: -14% !important;}&#8221;][\/vc_column][\/vc_row]\" \/>\n<meta property=\"og:url\" content=\"https:\/\/www.greenvass.es\/fr\/formulaire\/\" \/>\n<meta property=\"og:site_name\" content=\"Greenvass\" \/>\n<meta property=\"article:publisher\" content=\"https:\/\/www.facebook.com\/greenvass\" \/>\n<meta property=\"article:modified_time\" content=\"2023-08-25T15:20:43+00:00\" \/>\n<meta name=\"twitter:card\" content=\"summary_large_image\" \/>\n<meta name=\"twitter:site\" content=\"@GREENVASS\" \/>\n<meta name=\"twitter:label1\" content=\"Dur\u00e9e de lecture estim\u00e9e\" \/>\n\t<meta name=\"twitter:data1\" content=\"1 minute\" \/>\n<script type=\"application\/ld+json\" class=\"yoast-schema-graph\">{\"@context\":\"https:\/\/schema.org\",\"@graph\":[{\"@type\":\"Organization\",\"@id\":\"https:\/\/www.greenvass.es\/fr\/#organization\",\"name\":\"Greenvass\",\"url\":\"https:\/\/www.greenvass.es\/fr\/\",\"sameAs\":[\"https:\/\/www.instagram.com\/greenvass\/\",\"https:\/\/www.linkedin.com\/company\/greenvass\/?viewAsMember=true\",\"https:\/\/www.facebook.com\/greenvass\",\"https:\/\/twitter.com\/GREENVASS\"],\"logo\":{\"@type\":\"ImageObject\",\"inLanguage\":\"fr-FR\",\"@id\":\"https:\/\/www.greenvass.es\/fr\/#\/schema\/logo\/image\/\",\"url\":\"https:\/\/www.greenvass.es\/wp-content\/uploads\/2019\/10\/Lb.png\",\"contentUrl\":\"https:\/\/www.greenvass.es\/wp-content\/uploads\/2019\/10\/Lb.png\",\"width\":595,\"height\":191,\"caption\":\"Greenvass\"},\"image\":{\"@id\":\"https:\/\/www.greenvass.es\/fr\/#\/schema\/logo\/image\/\"}},{\"@type\":\"WebSite\",\"@id\":\"https:\/\/www.greenvass.es\/fr\/#website\",\"url\":\"https:\/\/www.greenvass.es\/fr\/\",\"name\":\"Greenvass\",\"description\":\"Technology &amp; Innovation in agriculture\",\"publisher\":{\"@id\":\"https:\/\/www.greenvass.es\/fr\/#organization\"},\"potentialAction\":[{\"@type\":\"SearchAction\",\"target\":{\"@type\":\"EntryPoint\",\"urlTemplate\":\"https:\/\/www.greenvass.es\/fr\/?s={search_term_string}\"},\"query-input\":\"required name=search_term_string\"}],\"inLanguage\":\"fr-FR\"},{\"@type\":\"WebPage\",\"@id\":\"https:\/\/www.greenvass.es\/fr\/formulaire\/\",\"url\":\"https:\/\/www.greenvass.es\/fr\/formulaire\/\",\"name\":\"Se connecter - Greenvass\",\"isPartOf\":{\"@id\":\"https:\/\/www.greenvass.es\/fr\/#website\"},\"datePublished\":\"2021-02-10T12:16:45+00:00\",\"dateModified\":\"2023-08-25T15:20:43+00:00\",\"breadcrumb\":{\"@id\":\"https:\/\/www.greenvass.es\/fr\/formulaire\/#breadcrumb\"},\"inLanguage\":\"fr-FR\",\"potentialAction\":[{\"@type\":\"ReadAction\",\"target\":[\"https:\/\/www.greenvass.es\/fr\/formulaire\/\"]}]},{\"@type\":\"BreadcrumbList\",\"@id\":\"https:\/\/www.greenvass.es\/fr\/formulaire\/#breadcrumb\",\"itemListElement\":[{\"@type\":\"ListItem\",\"position\":1,\"name\":\"Portada\",\"item\":\"https:\/\/www.greenvass.es\/fr\/\"},{\"@type\":\"ListItem\",\"position\":2,\"name\":\"Se connecter\"}]}]}<\/script>\n<!-- \/ Yoast SEO plugin. -->","yoast_head_json":{"title":"Se connecter - Greenvass","robots":{"index":"index","follow":"follow","max-snippet":"max-snippet:-1","max-image-preview":"max-image-preview:large","max-video-preview":"max-video-preview:-1"},"canonical":"https:\/\/www.greenvass.es\/fr\/formulaire\/","og_locale":"fr_FR","og_type":"article","og_title":"Se connecter - Greenvass","og_description":"[vc_row css_animation=&#8221;&#8221; row_type=&#8221;row&#8221; use_row_as_full_screen_section=&#8221;no&#8221; type=&#8221;grid&#8221; angled_section=&#8221;no&#8221; text_align=&#8221;left&#8221; background_image_as_pattern=&#8221;without_pattern&#8221; padding_bottom=&#8221;30&#8243; z_index=&#8221;&#8221; css=&#8221;.vc_custom_1519805768361{background-color: #f7f3f1 !important;}&#8221;][vc_column css=&#8221;.vc_custom_1519807360739{margin-top: -14% !important;}&#8221;][\/vc_column][\/vc_row]","og_url":"https:\/\/www.greenvass.es\/fr\/formulaire\/","og_site_name":"Greenvass","article_publisher":"https:\/\/www.facebook.com\/greenvass","article_modified_time":"2023-08-25T15:20:43+00:00","twitter_card":"summary_large_image","twitter_site":"@GREENVASS","twitter_misc":{"Dur\u00e9e de lecture estim\u00e9e":"1 minute"},"schema":{"@context":"https:\/\/schema.org","@graph":[{"@type":"Organization","@id":"https:\/\/www.greenvass.es\/fr\/#organization","name":"Greenvass","url":"https:\/\/www.greenvass.es\/fr\/","sameAs":["https:\/\/www.instagram.com\/greenvass\/","https:\/\/www.linkedin.com\/company\/greenvass\/?viewAsMember=true","https:\/\/www.facebook.com\/greenvass","https:\/\/twitter.com\/GREENVASS"],"logo":{"@type":"ImageObject","inLanguage":"fr-FR","@id":"https:\/\/www.greenvass.es\/fr\/#\/schema\/logo\/image\/","url":"https:\/\/www.greenvass.es\/wp-content\/uploads\/2019\/10\/Lb.png","contentUrl":"https:\/\/www.greenvass.es\/wp-content\/uploads\/2019\/10\/Lb.png","width":595,"height":191,"caption":"Greenvass"},"image":{"@id":"https:\/\/www.greenvass.es\/fr\/#\/schema\/logo\/image\/"}},{"@type":"WebSite","@id":"https:\/\/www.greenvass.es\/fr\/#website","url":"https:\/\/www.greenvass.es\/fr\/","name":"Greenvass","description":"Technology &amp; Innovation in agriculture","publisher":{"@id":"https:\/\/www.greenvass.es\/fr\/#organization"},"potentialAction":[{"@type":"SearchAction","target":{"@type":"EntryPoint","urlTemplate":"https:\/\/www.greenvass.es\/fr\/?s={search_term_string}"},"query-input":"required name=search_term_string"}],"inLanguage":"fr-FR"},{"@type":"WebPage","@id":"https:\/\/www.greenvass.es\/fr\/formulaire\/","url":"https:\/\/www.greenvass.es\/fr\/formulaire\/","name":"Se connecter - Greenvass","isPartOf":{"@id":"https:\/\/www.greenvass.es\/fr\/#website"},"datePublished":"2021-02-10T12:16:45+00:00","dateModified":"2023-08-25T15:20:43+00:00","breadcrumb":{"@id":"https:\/\/www.greenvass.es\/fr\/formulaire\/#breadcrumb"},"inLanguage":"fr-FR","potentialAction":[{"@type":"ReadAction","target":["https:\/\/www.greenvass.es\/fr\/formulaire\/"]}]},{"@type":"BreadcrumbList","@id":"https:\/\/www.greenvass.es\/fr\/formulaire\/#breadcrumb","itemListElement":[{"@type":"ListItem","position":1,"name":"Portada","item":"https:\/\/www.greenvass.es\/fr\/"},{"@type":"ListItem","position":2,"name":"Se connecter"}]}]}},"_links":{"self":[{"href":"https:\/\/www.greenvass.es\/fr\/wp-json\/wp\/v2\/pages\/5086"}],"collection":[{"href":"https:\/\/www.greenvass.es\/fr\/wp-json\/wp\/v2\/pages"}],"about":[{"href":"https:\/\/www.greenvass.es\/fr\/wp-json\/wp\/v2\/types\/page"}],"author":[{"embeddable":true,"href":"https:\/\/www.greenvass.es\/fr\/wp-json\/wp\/v2\/users\/2"}],"replies":[{"embeddable":true,"href":"https:\/\/www.greenvass.es\/fr\/wp-json\/wp\/v2\/comments?post=5086"}],"version-history":[{"count":11,"href":"https:\/\/www.greenvass.es\/fr\/wp-json\/wp\/v2\/pages\/5086\/revisions"}],"predecessor-version":[{"id":7191,"href":"https:\/\/www.greenvass.es\/fr\/wp-json\/wp\/v2\/pages\/5086\/revisions\/7191"}],"wp:attachment":[{"href":"https:\/\/www.greenvass.es\/fr\/wp-json\/wp\/v2\/media?parent=5086"}],"curies":[{"name":"wp","href":"https:\/\/api.w.org\/{rel}","templated":true}]}}