{"id":5079,"date":"2021-02-10T11:53:20","date_gmt":"2021-02-10T10:53:20","guid":{"rendered":"https:\/\/www.greenvass.es\/politique-de-cookies\/"},"modified":"2022-03-24T15:46:24","modified_gmt":"2022-03-24T14:46:24","slug":"politique-de-cookies","status":"publish","type":"page","link":"https:\/\/www.greenvass.es\/fr\/politique-de-cookies\/","title":{"rendered":"Politique de cookies"},"content":{"rendered":"<p>[vc_row css_animation=&#8221;&#8221; row_type=&#8221;row&#8221; use_row_as_full_screen_section=&#8221;no&#8221; type=&#8221;grid&#8221; angled_section=&#8221;no&#8221; text_align=&#8221;left&#8221; background_image_as_pattern=&#8221;without_pattern&#8221; z_index=&#8221;&#8221;][vc_column][vc_empty_space][vc_column_text]Ce site Web utilise ses propres cookies et ceux de tiers pour am\u00e9liorer votre exp\u00e9rience sur celui-ci.[\/vc_column_text][vc_empty_space][vc_column_text]<\/p>\n<h3><strong>Que sont les cookies?:<\/strong><\/h3>\n<h4><\/h4>\n<p>[\/vc_column_text][vc_empty_space height=&#8221;15px&#8221;][vc_column_text]Les cookies sont un fichier inoffensif qui est t\u00e9l\u00e9charg\u00e9 sur votre ordinateur lorsque vous acc\u00e9dez \u00e0 certaines pages Web. Les cookies permettent, entre autres, \u00e0 une page Web de stocker et de r\u00e9cup\u00e9rer des informations sur les habitudes de navigation d&#8217;un utilisateur ou de son \u00e9quipement et, en fonction des informations qu&#8217;ils contiennent et de la mani\u00e8re dont ils utilisent leur \u00e9quipement, ils peuvent \u00eatre utilis\u00e9s pour reconna\u00eetre \u00e0 utilisateur.<\/p>\n<p>Le navigateur de l&#8217;utilisateur stocke les cookies sur le disque dur uniquement pendant la session en cours, occupant un espace m\u00e9moire minimal et n&#8217;endommageant pas l&#8217;ordinateur.<\/p>\n<p>Les cookies ne contiennent aucun type d&#8217;informations personnelles sp\u00e9cifiques (les donn\u00e9es qu&#8217;ils stockent sont de nature technique, les pr\u00e9f\u00e9rences personnelles, la personnalisation du contenu, etc.) et la plupart d&#8217;entre eux sont supprim\u00e9s du disque dur \u00e0 la fin de la session de navigation (le dits cookies de session).<\/p>\n<p>Ainsi, il existe des cookies qui obtiennent des informations relatives au nombre de pages visit\u00e9es, la ville \u00e0 laquelle l&#8217;adresse IP \u00e0 partir de laquelle il est acc\u00e9d\u00e9 est attribu\u00e9e, le nombre de nouveaux utilisateurs, la fr\u00e9quence et la r\u00e9currence des visites, l&#8217;heure de la visite, la navigateur, l&#8217;op\u00e9rateur ou le type de terminal \u00e0 partir duquel la visite est effectu\u00e9e.<\/p>\n<p>La plupart des navigateurs acceptent les cookies en standard et, quels qu&#8217;ils soient, autorisent ou emp\u00eachent les cookies temporaires ou stock\u00e9s dans les param\u00e8tres de s\u00e9curit\u00e9.[\/vc_column_text][vc_empty_space][vc_column_text]<\/p>\n<h3><strong>Quels types de cookies existent?:<\/strong><\/h3>\n<p>[\/vc_column_text][vc_empty_space height=&#8221;15px&#8221;][vc_column_text]<\/p>\n<ul>\n<li><em>Selon l&#8217;entit\u00e9 qui les g\u00e8re:<\/em><\/li>\n<\/ul>\n<p>[\/vc_column_text][vc_empty_space height=&#8221;15px&#8221;][vc_column_text]- <u>Cookies propres<\/u>: ceux qui sont envoy\u00e9s \u00e0 l&#8217;\u00e9quipement terminal de l&#8217;utilisateur \u00e0 partir d&#8217;un domaine g\u00e9r\u00e9 par l&#8217;\u00e9diteur lui-m\u00eame et \u00e0 partir duquel le service demand\u00e9 par l&#8217;utilisateur est fourni.<\/p>\n<p>&nbsp;<\/p>\n<p>&#8211; <u>Cookies tiers<\/u>: le site Web peut utiliser des services tiers qui, pour le compte de L&#8217;ENTREPRISE responsable, collectent des informations \u00e0 des fins statistiques, sur l&#8217;utilisation du Site par l&#8217;utilisateur et pour la fourniture d&#8217;autres services li\u00e9s \u00e0 l&#8217;activit\u00e9 du Site Web et d&#8217;autres services Internet.<\/p>\n<p>&nbsp;<\/p>\n<p>Dans le cas o\u00f9 des cookies sont install\u00e9s \u00e0 partir d&#8217;un ordinateur ou d&#8217;un domaine g\u00e9r\u00e9 par l&#8217;\u00e9diteur lui-m\u00eame, mais que les informations collect\u00e9es par leur interm\u00e9diaire sont g\u00e9r\u00e9es par un tiers, ils ne peuvent \u00eatre consid\u00e9r\u00e9s comme des cookies propres.[\/vc_column_text][vc_empty_space height=&#8221;15px&#8221;][vc_column_text]<\/p>\n<ul>\n<li><em>Selon la dur\u00e9e pendant laquelle ils restent actifs:<\/em><\/li>\n<\/ul>\n<p>[\/vc_column_text][vc_empty_space height=&#8221;15px&#8221;][vc_column_text]- Cookies de session: il s&#8217;agit de cookies temporaires qui restent dans le fichier cookie de votre navigateur jusqu&#8217;\u00e0 ce que vous quittiez le site Web, donc aucun d&#8217;entre eux n&#8217;est enregistr\u00e9 sur le disque dur de l&#8217;utilisateur. Les informations obtenues gr\u00e2ce \u00e0 ces cookies sont utilis\u00e9es pour analyser les mod\u00e8les de trafic sur le site Web. En fin de compte, cela nous permet de fournir une meilleure exp\u00e9rience pour am\u00e9liorer le contenu en le rendant plus facile \u00e0 utiliser.<\/p>\n<p>&#8211; Cookies permanents: ils sont stock\u00e9s sur le disque dur et notre Site les lit \u00e0 chaque nouvelle visite de l&#8217;utilisateur. Un cookie permanent a une certaine date d&#8217;expiration. Le cookie cessera de fonctionner apr\u00e8s cette date.[\/vc_column_text][vc_empty_space height=&#8221;15px&#8221;][vc_column_text]<\/p>\n<ul>\n<li><em>Selon le but:<\/em><\/li>\n<\/ul>\n<p>[\/vc_column_text][vc_empty_space height=&#8221;16px&#8221;][vc_column_text]\u2013 <u>Cookies techniques ou n\u00e9cessaires<\/u>: ceux n\u00e9cessaires \u00e0 la navigation et au bon fonctionnement du site internet, ceux que vous ne pourrez jamais d\u00e9sactiver dans la configuration des cookies d&#8217;un site internet. Ils permettent, par exemple, de contr\u00f4ler le trafic et la communication de donn\u00e9es, d&#8217;acc\u00e9der \u00e0 des zones d&#8217;acc\u00e8s restreint, d&#8217;utiliser des \u00e9l\u00e9ments de s\u00e9curit\u00e9, de stocker du contenu pour pouvoir diffuser des vid\u00e9os ou partager du contenu via les r\u00e9seaux sociaux, etc.<\/p>\n<p>&nbsp;<\/p>\n<p>&#8211; <u>Cookies de pr\u00e9f\u00e9rence ou de personnalisation<\/u>: ce sont ceux qui stockent vos pr\u00e9f\u00e9rences et param\u00e8tres sur les sites Web auxquels vous avez pr\u00e9c\u00e9demment acc\u00e9d\u00e9. Par exemple, ils vous permettent de m\u00e9moriser votre langue par d\u00e9faut, le type de navigateur que vous utilisez ou les param\u00e8tres r\u00e9gionaux \u00e0 partir desquels vous avez entr\u00e9.<\/p>\n<p>&nbsp;<\/p>\n<p>&#8211; <u>Cookies de performance ou d&#8217;analyse<\/u>: ce sont ceux qui, bien trait\u00e9s par nous ou par des tiers, nous permettent de quantifier le nombre d&#8217;utilisateurs et ainsi de r\u00e9aliser la mesure statistique et l&#8217;analyse de l&#8217;utilisation faite par les utilisateurs du service propos\u00e9. Pour cela, votre navigation sur notre site est analys\u00e9e afin d&#8217;am\u00e9liorer l&#8217;offre de produits ou services que nous vous proposons.<\/p>\n<p>&nbsp;<\/p>\n<p>&#8211; <u>Cookies publicitaires ou marketing<\/u>: ils sont utilis\u00e9s pour g\u00e9rer la publicit\u00e9 qui est incluse sur les sites Web. Gr\u00e2ce \u00e0 ces cookies, un profil est cr\u00e9\u00e9 avec vos int\u00e9r\u00eats, analysant en permanence votre comportement sur le Web. Par exemple, apr\u00e8s avoir install\u00e9 ces cookies, certains pourraient analyser les pages que vous entrez ou les recherches que vous effectuez, et ainsi pouvoir conna\u00eetre vos go\u00fbts. Avec cela, des profils sont cr\u00e9\u00e9s qui peuvent \u00eatre vendus ou transf\u00e9r\u00e9s \u00e0 des annonceurs pour vous montrer des publicit\u00e9s qui peuvent \u00eatre pertinentes.[\/vc_column_text][vc_empty_space][vc_column_text]<\/p>\n<h3><strong>Quels types de cookies ce site utilise-t-il et dans quel but?:<\/strong><\/h3>\n<p>[\/vc_column_text][vc_empty_space height=&#8221;16px&#8221;][vc_column_text]Les donn\u00e9es qu&#8217;ils stockent sont de nature technique, pr\u00e9f\u00e9rences personnelles, personnalisation du contenu, etc. Le serveur Web ne vous associe pas en tant que personne mais \u00e0 votre navigateur Web.<\/p>\n<p>Ensuite, nous d\u00e9taillons les cookies utilis\u00e9s sur notre site et leur finalit\u00e9.[\/vc_column_text][vc_empty_space height=&#8221;16px&#8221;][vc_raw_html]JTVCY29va2llX2F1ZGl0JTVE[\/vc_raw_html][vc_empty_space][vc_column_text]<strong>Consentement:<\/strong><span id=\"Que_tipos_de_cookies_se_utilizan_en_este_sitio_web\"><\/span>[\/vc_column_text][vc_empty_space height=&#8221;15px&#8221;][vc_column_text]L&#8217;Utilisateur accepte express\u00e9ment, en utilisant ce Site, le traitement des informations collect\u00e9es de la mani\u00e8re et aux fins susmentionn\u00e9es. Et il reconna\u00eet \u00e9galement \u00eatre conscient de la possibilit\u00e9 de s&#8217;opposer au traitement de ces donn\u00e9es ou informations en refusant l&#8217;utilisation de Cookies en s\u00e9lectionnant la configuration appropri\u00e9e \u00e0 cet effet.<\/p>\n<p>&nbsp;<\/p>\n<p>De m\u00eame, vous pouvez autoriser, bloquer ou supprimer les cookies install\u00e9s sur votre ordinateur en configurant les options du navigateur install\u00e9 sur votre ordinateur :[\/vc_column_text][vc_empty_space height=&#8221;15px&#8221;][vc_column_text]<\/p>\n<ul>\n<li>Voici comment acc\u00e9der \u00e0 un <em>cookie<\/em> particulier du navigateur <strong>Chrome<\/strong>. Remarque: Ces \u00e9tapes peuvent varier en fonction de la version du navigateur <a href=\"https:\/\/support.google.com\/chrome\/answer\/95647?hl=es\">Chrome<\/a>:<\/li>\n<\/ul>\n<ol>\n<li>Allez dans Param\u00e8tres ou Pr\u00e9f\u00e9rences via le menu Fichier ou en cliquant sur l&#8217;ic\u00f4ne de personnalisation qui appara\u00eet en haut \u00e0 droite.<\/li>\n<li>Vous verrez diff\u00e9rentes sections, cliquez sur l&#8217;option <em>Param\u00e8tres<\/em>.<\/li>\n<li>Acc\u00e9dez \u00e0 Confidentialit\u00e9 et <em>s\u00e9curit\u00e9<\/em>.<\/li>\n<li>Une fois ici, vous pouvez &#8220;<em>supprimer<\/em> tous les cookies des <em>donn\u00e9es de navigation<\/em>&#8221; ou acc\u00e9der \u00e0 <em>Tous les cookies et autres donn\u00e9es du site.<\/em><\/li>\n<li>Une <u>configuration g\u00e9n\u00e9rale<\/u> appara\u00eetra afin de s\u00e9lectionner l&#8217;option souhait\u00e9e:<\/li>\n<\/ol>\n<ul>\n<li><em>Autoriser tous les cookies.<\/em><\/li>\n<li><em>Bloquez les cookies tiers en navigation priv\u00e9e.<\/em><\/li>\n<li><em>Bloquer les cookies tiers.<\/em><\/li>\n<li><em>Bloquer tous les cookies (non recommand\u00e9).<\/em><\/li>\n<\/ul>\n<ol start=\"6\">\n<li>Une autre option peut \u00eatre <em>d&#8217;effacer les cookies et les donn\u00e9es du site lorsque vous quittez Chrome.<\/em><\/li>\n<li>Vous pouvez \u00e9galement <em>voir tous les cookies et les donn\u00e9es du site<\/em>: ici une liste appara\u00eetra avec tous les <em>cookies<\/em> tri\u00e9s par domaine. Pour vous faciliter la recherche de <em>cookies<\/em> d&#8217;un certain domaine, saisissez l&#8217;adresse partiellement ou totalement dans le champ <em>Rechercher les cookies.<\/em><\/li>\n<li>Apr\u00e8s avoir effectu\u00e9 ce filtre, une ou plusieurs lignes appara\u00eetront \u00e0 l&#8217;\u00e9cran avec les <em>cookies<\/em> du site Web demand\u00e9. Il ne vous reste plus qu&#8217;\u00e0 le s\u00e9lectionner et \u00e0 appuyer sur le <em>X<\/em> pour proc\u00e9der \u00e0 son \u00e9limination ou tout supprimer dans le bouton qui se trouve en haut \u00e0 droite.<\/li>\n<\/ol>\n<p>.[\/vc_column_text][vc_empty_space height=&#8221;15px&#8221;][vc_column_text]<\/p>\n<ul>\n<li>Pour acc\u00e9der aux param\u00e8tres des <em>cookies<\/em> du navigateur <strong>Internet Explorer,<\/strong> suivez ces \u00e9tapes (elles peuvent varier selon la version du navigateur) <a href=\"https:\/\/support.microsoft.com\/es-es\/topic\/eliminar-y-administrar-cookies-168dab11-0753-043d-7c16-ede5947fc64d\">Explorer<\/a> :<\/li>\n<\/ul>\n<p>&nbsp;<\/p>\n<ol>\n<li>Allez dans <em>Outils<\/em>, <em>Options Internet<\/em><\/li>\n<li>Cliquez sur <em>Confidentialit\u00e9<\/em>.<\/li>\n<li>Dans l&#8217;option <em>avanc\u00e9e<\/em>, vous pouvez choisir la mani\u00e8re dont les cookies sont contr\u00f4l\u00e9s, \u00e0 la fois propri\u00e9taires et tiers.<\/li>\n<\/ol>\n<p>&nbsp;<\/p>\n<ul>\n<li>Pour acc\u00e9der aux param\u00e8tres des <em>cookies<\/em> du navigateur <strong>Firefox<\/strong>, suivez ces \u00e9tapes (elles peuvent varier selon la version du navigateur) :<\/li>\n<\/ul>\n<p>&nbsp;<\/p>\n<ol>\n<li>Allez dans <em>Options<\/em> ou <em>Pr\u00e9f\u00e9rences<\/em> selon votre syst\u00e8me d&#8217;exploitation.<\/li>\n<li>Cliquez sur <em>Confidentialit\u00e9<\/em>.<\/li>\n<li>Sous <em>Historique<\/em>, choisissez <em>Utiliser les param\u00e8tres personnalis\u00e9s pour l&#8217;historique.<\/em><\/li>\n<li>Vous verrez maintenant l&#8217;option <em>Accepter les cookies<\/em>, vous pouvez l&#8217;activer ou la d\u00e9sactiver selon vos pr\u00e9f\u00e9rences.<\/li>\n<\/ol>\n<p>&nbsp;<\/p>\n<ul>\n<li>Pour acc\u00e9der aux param\u00e8tres des <em>cookies<\/em> du navigateur <strong>Safari pour OSX<\/strong>, suivez ces \u00e9tapes (peut varier selon la version du navigateur) :<\/li>\n<\/ul>\n<p>&nbsp;<\/p>\n<ol>\n<li>Allez dans <em>Pr\u00e9f\u00e9rences<\/em>, puis <em>Confidentialit\u00e9<\/em>.<\/li>\n<li>\u00c0 cet endroit, vous verrez l&#8217;option <em>Bloquer les cookies<\/em> pour ajuster le type de blocage que vous souhaitez effectuer.<\/li>\n<\/ol>\n<p>&nbsp;<\/p>\n<ul>\n<li>Pour acc\u00e9der aux param\u00e8tres des <em>cookies<\/em> du navigateur <strong>Safari pour iOS,<\/strong>proc\u00e9dez comme suit (peut varier selon la version du navigateur) :<\/li>\n<\/ul>\n<p>&nbsp;<\/p>\n<ol>\n<li>Allez dans <em>Param\u00e8tres<\/em>, puis <em>Safari<\/em>.<\/li>\n<li>Allez dans <em>Confidentialit\u00e9 et s\u00e9curit\u00e9<\/em>, vous verrez l&#8217;option <em>Bloquer les cookies<\/em>pour ajuster le type de blocage que vous souhaitez effectuer.<\/li>\n<\/ol>\n<p>&nbsp;<\/p>\n<ul>\n<li>Pour acc\u00e9der aux param\u00e8tres des <em>cookies<\/em> du navigateur pour les appareils <strong>Android<\/strong>, proc\u00e9dez comme suit (peut varier selon la version du navigateur) :<\/li>\n<\/ul>\n<p>&nbsp;<\/p>\n<ol>\n<li>Lancez le navigateur et appuyez sur la touche <em>Menu<\/em>, puis sur <em>Param\u00e8tres<\/em>.<\/li>\n<li>Allez dans <em>S\u00e9curit\u00e9 et confidentialit\u00e9<\/em>, vous verrez l&#8217;option <em>Accepter les cookies<\/em> pour activer ou d\u00e9sactiver la case.<\/li>\n<\/ol>\n<p>&nbsp;<\/p>\n<ul>\n<li>Pour acc\u00e9der aux param\u00e8tres des <em>cookies<\/em> du navigateur pour les appareils <strong>Windows Phone<\/strong>, proc\u00e9dez comme suit (peut varier selon la version du navigateur) :<\/li>\n<\/ul>\n<p>&nbsp;<\/p>\n<ol>\n<li style=\"list-style-type: none;\">\n<ol>\n<li>Ouvrez <em>Internet Explorer<\/em>, puis <em>Plus<\/em>, puis <em>Param\u00e8tres<\/em><\/li>\n<li>Vous pouvez d\u00e9sormais activer ou d\u00e9sactiver la case \u00e0 cocher <em>Autoriser les cookies.<\/em><\/li>\n<\/ol>\n<\/li>\n<\/ol>\n<p>&nbsp;<\/p>\n<p>&nbsp;<\/p>\n<p>[\/vc_column_text][vc_empty_space height=&#8221;15px&#8221;][vc_empty_space][vc_empty_space][\/vc_column][\/vc_row]<\/p>\n","protected":false},"excerpt":{"rendered":"<p>[vc_row css_animation=&#8221;&#8221; row_type=&#8221;row&#8221; use_row_as_full_screen_section=&#8221;no&#8221; type=&#8221;grid&#8221; angled_section=&#8221;no&#8221; text_align=&#8221;left&#8221; background_image_as_pattern=&#8221;without_pattern&#8221; z_index=&#8221;&#8221;][vc_column][vc_empty_space][vc_column_text]Ce site Web utilise ses propres cookies et ceux de tiers pour am\u00e9liorer votre exp\u00e9rience sur celui-ci.[\/vc_column_text][vc_empty_space][vc_column_text] Que sont les cookies?: [\/vc_column_text][vc_empty_space height=&#8221;15px&#8221;][vc_column_text]Les cookies sont un fichier inoffensif qui est t\u00e9l\u00e9charg\u00e9 sur votre ordinateur lorsque vous acc\u00e9dez&#8230;<\/p>\n","protected":false},"author":2,"featured_media":0,"parent":0,"menu_order":0,"comment_status":"closed","ping_status":"closed","template":"","meta":{"_monsterinsights_skip_tracking":false,"_monsterinsights_sitenote_active":false,"_monsterinsights_sitenote_note":"","_monsterinsights_sitenote_category":0},"yoast_head":"<!-- This site is optimized with the Yoast SEO plugin v19.4 - https:\/\/yoast.com\/wordpress\/plugins\/seo\/ -->\n<title>Politique de cookies - Greenvass<\/title>\n<meta name=\"robots\" content=\"index, follow, max-snippet:-1, max-image-preview:large, max-video-preview:-1\" \/>\n<link rel=\"canonical\" href=\"https:\/\/www.greenvass.es\/fr\/politique-de-cookies\/\" \/>\n<meta property=\"og:locale\" content=\"fr_FR\" \/>\n<meta property=\"og:type\" content=\"article\" \/>\n<meta property=\"og:title\" content=\"Politique de cookies - Greenvass\" \/>\n<meta property=\"og:description\" content=\"[vc_row css_animation=&#8221;&#8221; row_type=&#8221;row&#8221; use_row_as_full_screen_section=&#8221;no&#8221; type=&#8221;grid&#8221; angled_section=&#8221;no&#8221; text_align=&#8221;left&#8221; background_image_as_pattern=&#8221;without_pattern&#8221; z_index=&#8221;&#8221;][vc_column][vc_empty_space][vc_column_text]Ce site Web utilise ses propres cookies et ceux de tiers pour am\u00e9liorer votre exp\u00e9rience sur celui-ci.[\/vc_column_text][vc_empty_space][vc_column_text] Que sont les cookies?: [\/vc_column_text][vc_empty_space height=&#8221;15px&#8221;][vc_column_text]Les cookies sont un fichier inoffensif qui est t\u00e9l\u00e9charg\u00e9 sur votre ordinateur lorsque vous acc\u00e9dez...\" \/>\n<meta property=\"og:url\" content=\"https:\/\/www.greenvass.es\/fr\/politique-de-cookies\/\" \/>\n<meta property=\"og:site_name\" content=\"Greenvass\" \/>\n<meta property=\"article:publisher\" content=\"https:\/\/www.facebook.com\/greenvass\" \/>\n<meta property=\"article:modified_time\" content=\"2022-03-24T14:46:24+00:00\" \/>\n<meta name=\"twitter:card\" content=\"summary_large_image\" \/>\n<meta name=\"twitter:site\" content=\"@GREENVASS\" \/>\n<meta name=\"twitter:label1\" content=\"Dur\u00e9e de lecture estim\u00e9e\" \/>\n\t<meta name=\"twitter:data1\" content=\"7 minutes\" \/>\n<script type=\"application\/ld+json\" class=\"yoast-schema-graph\">{\"@context\":\"https:\/\/schema.org\",\"@graph\":[{\"@type\":\"Organization\",\"@id\":\"https:\/\/www.greenvass.es\/fr\/#organization\",\"name\":\"Greenvass\",\"url\":\"https:\/\/www.greenvass.es\/fr\/\",\"sameAs\":[\"https:\/\/www.instagram.com\/greenvass\/\",\"https:\/\/www.linkedin.com\/company\/greenvass\/?viewAsMember=true\",\"https:\/\/www.facebook.com\/greenvass\",\"https:\/\/twitter.com\/GREENVASS\"],\"logo\":{\"@type\":\"ImageObject\",\"inLanguage\":\"fr-FR\",\"@id\":\"https:\/\/www.greenvass.es\/fr\/#\/schema\/logo\/image\/\",\"url\":\"https:\/\/www.greenvass.es\/wp-content\/uploads\/2019\/10\/Lb.png\",\"contentUrl\":\"https:\/\/www.greenvass.es\/wp-content\/uploads\/2019\/10\/Lb.png\",\"width\":595,\"height\":191,\"caption\":\"Greenvass\"},\"image\":{\"@id\":\"https:\/\/www.greenvass.es\/fr\/#\/schema\/logo\/image\/\"}},{\"@type\":\"WebSite\",\"@id\":\"https:\/\/www.greenvass.es\/fr\/#website\",\"url\":\"https:\/\/www.greenvass.es\/fr\/\",\"name\":\"Greenvass\",\"description\":\"Technology &amp; Innovation in agriculture\",\"publisher\":{\"@id\":\"https:\/\/www.greenvass.es\/fr\/#organization\"},\"potentialAction\":[{\"@type\":\"SearchAction\",\"target\":{\"@type\":\"EntryPoint\",\"urlTemplate\":\"https:\/\/www.greenvass.es\/fr\/?s={search_term_string}\"},\"query-input\":\"required name=search_term_string\"}],\"inLanguage\":\"fr-FR\"},{\"@type\":\"WebPage\",\"@id\":\"https:\/\/www.greenvass.es\/fr\/politique-de-cookies\/\",\"url\":\"https:\/\/www.greenvass.es\/fr\/politique-de-cookies\/\",\"name\":\"Politique de cookies - Greenvass\",\"isPartOf\":{\"@id\":\"https:\/\/www.greenvass.es\/fr\/#website\"},\"datePublished\":\"2021-02-10T10:53:20+00:00\",\"dateModified\":\"2022-03-24T14:46:24+00:00\",\"breadcrumb\":{\"@id\":\"https:\/\/www.greenvass.es\/fr\/politique-de-cookies\/#breadcrumb\"},\"inLanguage\":\"fr-FR\",\"potentialAction\":[{\"@type\":\"ReadAction\",\"target\":[\"https:\/\/www.greenvass.es\/fr\/politique-de-cookies\/\"]}]},{\"@type\":\"BreadcrumbList\",\"@id\":\"https:\/\/www.greenvass.es\/fr\/politique-de-cookies\/#breadcrumb\",\"itemListElement\":[{\"@type\":\"ListItem\",\"position\":1,\"name\":\"Portada\",\"item\":\"https:\/\/www.greenvass.es\/fr\/\"},{\"@type\":\"ListItem\",\"position\":2,\"name\":\"Politique de cookies\"}]}]}<\/script>\n<!-- \/ Yoast SEO plugin. -->","yoast_head_json":{"title":"Politique de cookies - Greenvass","robots":{"index":"index","follow":"follow","max-snippet":"max-snippet:-1","max-image-preview":"max-image-preview:large","max-video-preview":"max-video-preview:-1"},"canonical":"https:\/\/www.greenvass.es\/fr\/politique-de-cookies\/","og_locale":"fr_FR","og_type":"article","og_title":"Politique de cookies - Greenvass","og_description":"[vc_row css_animation=&#8221;&#8221; row_type=&#8221;row&#8221; use_row_as_full_screen_section=&#8221;no&#8221; type=&#8221;grid&#8221; angled_section=&#8221;no&#8221; text_align=&#8221;left&#8221; background_image_as_pattern=&#8221;without_pattern&#8221; z_index=&#8221;&#8221;][vc_column][vc_empty_space][vc_column_text]Ce site Web utilise ses propres cookies et ceux de tiers pour am\u00e9liorer votre exp\u00e9rience sur celui-ci.[\/vc_column_text][vc_empty_space][vc_column_text] Que sont les cookies?: [\/vc_column_text][vc_empty_space height=&#8221;15px&#8221;][vc_column_text]Les cookies sont un fichier inoffensif qui est t\u00e9l\u00e9charg\u00e9 sur votre ordinateur lorsque vous acc\u00e9dez...","og_url":"https:\/\/www.greenvass.es\/fr\/politique-de-cookies\/","og_site_name":"Greenvass","article_publisher":"https:\/\/www.facebook.com\/greenvass","article_modified_time":"2022-03-24T14:46:24+00:00","twitter_card":"summary_large_image","twitter_site":"@GREENVASS","twitter_misc":{"Dur\u00e9e de lecture estim\u00e9e":"7 minutes"},"schema":{"@context":"https:\/\/schema.org","@graph":[{"@type":"Organization","@id":"https:\/\/www.greenvass.es\/fr\/#organization","name":"Greenvass","url":"https:\/\/www.greenvass.es\/fr\/","sameAs":["https:\/\/www.instagram.com\/greenvass\/","https:\/\/www.linkedin.com\/company\/greenvass\/?viewAsMember=true","https:\/\/www.facebook.com\/greenvass","https:\/\/twitter.com\/GREENVASS"],"logo":{"@type":"ImageObject","inLanguage":"fr-FR","@id":"https:\/\/www.greenvass.es\/fr\/#\/schema\/logo\/image\/","url":"https:\/\/www.greenvass.es\/wp-content\/uploads\/2019\/10\/Lb.png","contentUrl":"https:\/\/www.greenvass.es\/wp-content\/uploads\/2019\/10\/Lb.png","width":595,"height":191,"caption":"Greenvass"},"image":{"@id":"https:\/\/www.greenvass.es\/fr\/#\/schema\/logo\/image\/"}},{"@type":"WebSite","@id":"https:\/\/www.greenvass.es\/fr\/#website","url":"https:\/\/www.greenvass.es\/fr\/","name":"Greenvass","description":"Technology &amp; Innovation in agriculture","publisher":{"@id":"https:\/\/www.greenvass.es\/fr\/#organization"},"potentialAction":[{"@type":"SearchAction","target":{"@type":"EntryPoint","urlTemplate":"https:\/\/www.greenvass.es\/fr\/?s={search_term_string}"},"query-input":"required name=search_term_string"}],"inLanguage":"fr-FR"},{"@type":"WebPage","@id":"https:\/\/www.greenvass.es\/fr\/politique-de-cookies\/","url":"https:\/\/www.greenvass.es\/fr\/politique-de-cookies\/","name":"Politique de cookies - Greenvass","isPartOf":{"@id":"https:\/\/www.greenvass.es\/fr\/#website"},"datePublished":"2021-02-10T10:53:20+00:00","dateModified":"2022-03-24T14:46:24+00:00","breadcrumb":{"@id":"https:\/\/www.greenvass.es\/fr\/politique-de-cookies\/#breadcrumb"},"inLanguage":"fr-FR","potentialAction":[{"@type":"ReadAction","target":["https:\/\/www.greenvass.es\/fr\/politique-de-cookies\/"]}]},{"@type":"BreadcrumbList","@id":"https:\/\/www.greenvass.es\/fr\/politique-de-cookies\/#breadcrumb","itemListElement":[{"@type":"ListItem","position":1,"name":"Portada","item":"https:\/\/www.greenvass.es\/fr\/"},{"@type":"ListItem","position":2,"name":"Politique de cookies"}]}]}},"_links":{"self":[{"href":"https:\/\/www.greenvass.es\/fr\/wp-json\/wp\/v2\/pages\/5079"}],"collection":[{"href":"https:\/\/www.greenvass.es\/fr\/wp-json\/wp\/v2\/pages"}],"about":[{"href":"https:\/\/www.greenvass.es\/fr\/wp-json\/wp\/v2\/types\/page"}],"author":[{"embeddable":true,"href":"https:\/\/www.greenvass.es\/fr\/wp-json\/wp\/v2\/users\/2"}],"replies":[{"embeddable":true,"href":"https:\/\/www.greenvass.es\/fr\/wp-json\/wp\/v2\/comments?post=5079"}],"version-history":[{"count":18,"href":"https:\/\/www.greenvass.es\/fr\/wp-json\/wp\/v2\/pages\/5079\/revisions"}],"predecessor-version":[{"id":6300,"href":"https:\/\/www.greenvass.es\/fr\/wp-json\/wp\/v2\/pages\/5079\/revisions\/6300"}],"wp:attachment":[{"href":"https:\/\/www.greenvass.es\/fr\/wp-json\/wp\/v2\/media?parent=5079"}],"curies":[{"name":"wp","href":"https:\/\/api.w.org\/{rel}","templated":true}]}}