{"id":3659,"date":"2020-09-23T16:46:30","date_gmt":"2020-09-23T14:46:30","guid":{"rendered":"https:\/\/www.greenvass.es\/nous-contacter\/"},"modified":"2025-09-17T08:55:25","modified_gmt":"2025-09-17T06:55:25","slug":"nous-contacter","status":"publish","type":"page","link":"https:\/\/www.greenvass.es\/fr\/nous-contacter\/","title":{"rendered":"nous contacter"},"content":{"rendered":"<p>[vc_row css_animation=&#8221;&#8221; row_type=&#8221;row&#8221; use_row_as_full_screen_section=&#8221;no&#8221; type=&#8221;full_width&#8221; angled_section=&#8221;no&#8221; text_align=&#8221;left&#8221; background_image_as_pattern=&#8221;without_pattern&#8221;][vc_column][vc_gmaps link=&#8221;#E-8_JTNDaWZyYW1lJTIwc3JjJTNEJTIyaHR0cHMlM0ElMkYlMkZ3d3cuZ29vZ2xlLmNvbSUyRm1hcHMlMkZlbWJlZCUzRnBiJTNEJTIxMW0xOCUyMTFtMTIlMjExbTMlMjExZDE5MTI2Ljc0Mzk0ODc3OTUlMjEyZC0xLjIzODg5NzQ1MTI3OTIyODYlMjEzZDM3Ljk2MjIyOTA2MTQyMzExNiUyMTJtMyUyMTFmMCUyMTJmMCUyMTNmMCUyMTNtMiUyMTFpMTAyNCUyMTJpNzY4JTIxNGYxMy4xJTIxM20zJTIxMW0yJTIxMXMweGQ2NDgwMTFkYmZmNTM4ZCUyNTNBMHgyNTVlMWRjMDAxM2ZjNTg0JTIxMnNDYWxsZSUyNTIwU2FuJTI1MjBQYW5jcmFjaW8lMjUyQyUyNTIwOCUyNTJDJTI1MjAzMDgzNSUyNTIwU2FuZ29uZXJhJTI1MjBsYSUyNTIwU2VjYSUyNTJDJTI1MjBNdXJjaWElMjE1ZTAlMjEzbTIlMjExc2VzJTIxMnNlcyUyMTR2MTU3MTU5NDkzOTAzNyUyMTVtMiUyMTFzZXMlMjEyc2VzJTIyJTIwd2lkdGglM0QlMjI2MDAlMjIlMjBoZWlnaHQlM0QlMjI0NTAlMjIlMjBmcmFtZWJvcmRlciUzRCUyMjAlMjIlMjBzdHlsZSUzRCUyMmJvcmRlciUzQTAlM0IlMjIlMjBhbGxvd2Z1bGxzY3JlZW4lM0QlMjIlMjIlM0UlM0MlMkZpZnJhbWUlM0U=&#8221;][\/vc_column][\/vc_row][vc_row css_animation=&#8221;&#8221; row_type=&#8221;row&#8221; use_row_as_full_screen_section=&#8221;no&#8221; type=&#8221;grid&#8221; angled_section=&#8221;no&#8221; text_align=&#8221;left&#8221; background_image_as_pattern=&#8221;without_pattern&#8221; z_index=&#8221;&#8221; css=&#8221;.vc_custom_1571597418906{padding-top: 75px !important;}&#8221;][vc_column width=&#8221;1\/3&#8243;][vc_column_text]<\/p>\n<h3>Murcia \/ Espa\u00f1a<\/h3>\n<p>[\/vc_column_text][vc_empty_space height=&#8221;26px&#8221;][vc_column_text]<\/p>\n<h4>Adresse<\/h4>\n<p>[\/vc_column_text][vc_empty_space height=&#8221;13px&#8221;][vc_column_text]C\/ San Pancracio, 8<br \/>\n30835 Sangonera la Seca<br \/>\nMurcia, Spain[\/vc_column_text][vc_empty_space height=&#8221;22px&#8221;][vc_column_text]<\/p>\n<h4>Nous contacter<\/h4>\n<p>[\/vc_column_text][vc_empty_space height=&#8221;9px&#8221;][vc_column_text]T +34 96 880 90 47<\/p>\n<p>info@greenvass.es |\u00a0info@greenvass.com[\/vc_column_text][vc_empty_space height=&#8221;30px&#8221;][\/vc_column][vc_column width=&#8221;1\/3&#8243;][vc_column_text]<\/p>\n<h3>Jalisco \/ M\u00e9xico<\/h3>\n<p>[\/vc_column_text][vc_empty_space height=&#8221;26px&#8221;][vc_column_text]<\/p>\n<h4>Adresse<\/h4>\n<p>[\/vc_column_text][vc_empty_space height=&#8221;13px&#8221;][vc_column_text]Avenida del Agave, 142<br \/>\nZona Industrial Zapopan Norte<br \/>\nC.P. 45145 Zapopan<br \/>\nJalisco, M\u00e9xico[\/vc_column_text][vc_empty_space height=&#8221;22px&#8221;][vc_column_text]<\/p>\n<h4>Nous contacter<\/h4>\n<p>[\/vc_column_text][vc_empty_space height=&#8221;9px&#8221;][vc_column_text]T +521 33 3165 9485<\/p>\n<p>evazquez@greenvass.com.mx<\/p>\n<p>[\/vc_column_text][vc_empty_space height=&#8221;30px&#8221;][\/vc_column][vc_column width=&#8221;1\/3&#8243;][vc_column_text]<\/p>\n<h3>Faites-nous part de votre question<\/h3>\n<p>[\/vc_column_text][vc_raw_html]JTVCd3Bmb3JtcyUyMGlkJTNEJTIyNzU4OSUyMiU1RA==[\/vc_raw_html][vc_column_text]<\/p>\n<h6 style=\"text-align: left;\"><span style=\"color: #93be25;\">Responsable:<\/span> <span style=\"color: #000000;\">Greenvass<\/span><br \/>\n<span style=\"color: #74b829;\">Objectif:<\/span> <span style=\"color: #000000;\">R\u00e9pondre, le cas \u00e9ch\u00e9ant, \u00e0 votre message.<\/span><br \/>\n<span style=\"color: #74b829;\">L\u00e9gitimation:<\/span> <span style=\"color: #000000;\">Consentement de la personne concern\u00e9e.<\/span><br \/>\n<span style=\"color: #74b829;\">Destinataires:<\/span> <span style=\"color: #000000;\">Les donn\u00e9es ne seront pas c\u00e9d\u00e9es \u00e0 des tiers, sauf obligation l\u00e9gale.<\/span><br \/>\n<span style=\"color: #74b829;\">Droits:<\/span> <span style=\"color: #000000;\">Acc\u00e8s, rectification, suppression des donn\u00e9es et autres droits, comme expliqu\u00e9 dans les informations compl\u00e9mentaires.<\/span><br \/>\n<span style=\"color: #74b829;\">Informations compl\u00e9mentaires:<\/span><span style=\"color: #000000;\">\u00a0<a style=\"color: #000000;\" href=\"https:\/\/www.greenvass.es\/fr\/politique-de-confidentialite\/\">Politique de confidentialit\u00e9<\/a>, <a style=\"color: #000000;\" href=\"https:\/\/www.greenvass.es\/fr\/politique-de-cookies\/\">Politique de cookies<\/a> et <a style=\"color: #000000;\" href=\"https:\/\/www.greenvass.es\/fr\/mention-legale\/\">Mentions l\u00e9gales<\/a><\/span><\/h6>\n<p>[\/vc_column_text][vc_empty_space height=&#8221;30px&#8221;][\/vc_column][\/vc_row][vc_row css_animation=&#8221;&#8221; row_type=&#8221;row&#8221; use_row_as_full_screen_section=&#8221;no&#8221; type=&#8221;full_width&#8221; angled_section=&#8221;no&#8221; text_align=&#8221;center&#8221; background_image_as_pattern=&#8221;without_pattern&#8221; z_index=&#8221;&#8221; background_image=&#8221;1524&#8243;][vc_column parallax=&#8221;content-moving&#8221; css_animation=&#8221;fadeInDown&#8221; css=&#8221;.vc_custom_1582713927462{border-radius: 15px !important;}&#8221;][vc_empty_space height=&#8221;45px&#8221;][vc_column_text]<\/p>\n<h2><\/h2>\n<h2 style=\"text-align: center;\">On cherche des distributeurs partout dans le monde.<\/h2>\n<p>[\/vc_column_text][vc_empty_space height=&#8221;28px&#8221;][vc_column_text]<\/p>\n<h3 style=\"text-align: center;\"><a href=\"mailto:info@greenvass.es\">Nous contacter.<\/a><\/h3>\n<p>[\/vc_column_text][vc_empty_space height=&#8221;45px&#8221;][\/vc_column][\/vc_row]<\/p>\n","protected":false},"excerpt":{"rendered":"<p>[vc_row css_animation=&#8221;&#8221; row_type=&#8221;row&#8221; use_row_as_full_screen_section=&#8221;no&#8221; type=&#8221;full_width&#8221; angled_section=&#8221;no&#8221; text_align=&#8221;left&#8221; background_image_as_pattern=&#8221;without_pattern&#8221;][vc_column][vc_gmaps link=&#8221;#E-8_JTNDaWZyYW1lJTIwc3JjJTNEJTIyaHR0cHMlM0ElMkYlMkZ3d3cuZ29vZ2xlLmNvbSUyRm1hcHMlMkZlbWJlZCUzRnBiJTNEJTIxMW0xOCUyMTFtMTIlMjExbTMlMjExZDE5MTI2Ljc0Mzk0ODc3OTUlMjEyZC0xLjIzODg5NzQ1MTI3OTIyODYlMjEzZDM3Ljk2MjIyOTA2MTQyMzExNiUyMTJtMyUyMTFmMCUyMTJmMCUyMTNmMCUyMTNtMiUyMTFpMTAyNCUyMTJpNzY4JTIxNGYxMy4xJTIxM20zJTIxMW0yJTIxMXMweGQ2NDgwMTFkYmZmNTM4ZCUyNTNBMHgyNTVlMWRjMDAxM2ZjNTg0JTIxMnNDYWxsZSUyNTIwU2FuJTI1MjBQYW5jcmFjaW8lMjUyQyUyNTIwOCUyNTJDJTI1MjAzMDgzNSUyNTIwU2FuZ29uZXJhJTI1MjBsYSUyNTIwU2VjYSUyNTJDJTI1MjBNdXJjaWElMjE1ZTAlMjEzbTIlMjExc2VzJTIxMnNlcyUyMTR2MTU3MTU5NDkzOTAzNyUyMTVtMiUyMTFzZXMlMjEyc2VzJTIyJTIwd2lkdGglM0QlMjI2MDAlMjIlMjBoZWlnaHQlM0QlMjI0NTAlMjIlMjBmcmFtZWJvcmRlciUzRCUyMjAlMjIlMjBzdHlsZSUzRCUyMmJvcmRlciUzQTAlM0IlMjIlMjBhbGxvd2Z1bGxzY3JlZW4lM0QlMjIlMjIlM0UlM0MlMkZpZnJhbWUlM0U=&#8221;][\/vc_column][\/vc_row][vc_row css_animation=&#8221;&#8221; row_type=&#8221;row&#8221; use_row_as_full_screen_section=&#8221;no&#8221; type=&#8221;grid&#8221; angled_section=&#8221;no&#8221; text_align=&#8221;left&#8221; background_image_as_pattern=&#8221;without_pattern&#8221; z_index=&#8221;&#8221; css=&#8221;.vc_custom_1571597418906{padding-top: 75px !important;}&#8221;][vc_column width=&#8221;1\/3&#8243;][vc_column_text] Murcia \/ Espa\u00f1a [\/vc_column_text][vc_empty_space height=&#8221;26px&#8221;][vc_column_text] Adresse [\/vc_column_text][vc_empty_space height=&#8221;13px&#8221;][vc_column_text]C\/ San Pancracio, 8 30835 Sangonera la Seca Murcia, Spain[\/vc_column_text][vc_empty_space height=&#8221;22px&#8221;][vc_column_text] Nous contacter [\/vc_column_text][vc_empty_space height=&#8221;9px&#8221;][vc_column_text]T +34 96&#8230;<\/p>\n","protected":false},"author":2,"featured_media":0,"parent":0,"menu_order":0,"comment_status":"closed","ping_status":"closed","template":"full_width.php","meta":{"_monsterinsights_skip_tracking":false,"_monsterinsights_sitenote_active":false,"_monsterinsights_sitenote_note":"","_monsterinsights_sitenote_category":0},"yoast_head":"<!-- This site is optimized with the Yoast SEO plugin v19.4 - https:\/\/yoast.com\/wordpress\/plugins\/seo\/ -->\n<title>nous contacter - Greenvass<\/title>\n<meta name=\"robots\" content=\"index, follow, max-snippet:-1, max-image-preview:large, max-video-preview:-1\" \/>\n<link rel=\"canonical\" href=\"https:\/\/www.greenvass.es\/fr\/nous-contacter\/\" \/>\n<meta property=\"og:locale\" content=\"fr_FR\" \/>\n<meta property=\"og:type\" content=\"article\" \/>\n<meta property=\"og:title\" content=\"nous contacter - Greenvass\" \/>\n<meta property=\"og:description\" content=\"[vc_row css_animation=&#8221;&#8221; row_type=&#8221;row&#8221; use_row_as_full_screen_section=&#8221;no&#8221; type=&#8221;full_width&#8221; angled_section=&#8221;no&#8221; text_align=&#8221;left&#8221; background_image_as_pattern=&#8221;without_pattern&#8221;][vc_column][vc_gmaps link=&#8221;#E-8_JTNDaWZyYW1lJTIwc3JjJTNEJTIyaHR0cHMlM0ElMkYlMkZ3d3cuZ29vZ2xlLmNvbSUyRm1hcHMlMkZlbWJlZCUzRnBiJTNEJTIxMW0xOCUyMTFtMTIlMjExbTMlMjExZDE5MTI2Ljc0Mzk0ODc3OTUlMjEyZC0xLjIzODg5NzQ1MTI3OTIyODYlMjEzZDM3Ljk2MjIyOTA2MTQyMzExNiUyMTJtMyUyMTFmMCUyMTJmMCUyMTNmMCUyMTNtMiUyMTFpMTAyNCUyMTJpNzY4JTIxNGYxMy4xJTIxM20zJTIxMW0yJTIxMXMweGQ2NDgwMTFkYmZmNTM4ZCUyNTNBMHgyNTVlMWRjMDAxM2ZjNTg0JTIxMnNDYWxsZSUyNTIwU2FuJTI1MjBQYW5jcmFjaW8lMjUyQyUyNTIwOCUyNTJDJTI1MjAzMDgzNSUyNTIwU2FuZ29uZXJhJTI1MjBsYSUyNTIwU2VjYSUyNTJDJTI1MjBNdXJjaWElMjE1ZTAlMjEzbTIlMjExc2VzJTIxMnNlcyUyMTR2MTU3MTU5NDkzOTAzNyUyMTVtMiUyMTFzZXMlMjEyc2VzJTIyJTIwd2lkdGglM0QlMjI2MDAlMjIlMjBoZWlnaHQlM0QlMjI0NTAlMjIlMjBmcmFtZWJvcmRlciUzRCUyMjAlMjIlMjBzdHlsZSUzRCUyMmJvcmRlciUzQTAlM0IlMjIlMjBhbGxvd2Z1bGxzY3JlZW4lM0QlMjIlMjIlM0UlM0MlMkZpZnJhbWUlM0U=&#8221;][\/vc_column][\/vc_row][vc_row css_animation=&#8221;&#8221; row_type=&#8221;row&#8221; use_row_as_full_screen_section=&#8221;no&#8221; type=&#8221;grid&#8221; angled_section=&#8221;no&#8221; text_align=&#8221;left&#8221; background_image_as_pattern=&#8221;without_pattern&#8221; z_index=&#8221;&#8221; css=&#8221;.vc_custom_1571597418906{padding-top: 75px !important;}&#8221;][vc_column width=&#8221;1\/3&#8243;][vc_column_text] Murcia \/ Espa\u00f1a [\/vc_column_text][vc_empty_space height=&#8221;26px&#8221;][vc_column_text] Adresse [\/vc_column_text][vc_empty_space height=&#8221;13px&#8221;][vc_column_text]C\/ San Pancracio, 8 30835 Sangonera la Seca Murcia, Spain[\/vc_column_text][vc_empty_space height=&#8221;22px&#8221;][vc_column_text] Nous contacter [\/vc_column_text][vc_empty_space height=&#8221;9px&#8221;][vc_column_text]T +34 96...\" \/>\n<meta property=\"og:url\" content=\"https:\/\/www.greenvass.es\/fr\/nous-contacter\/\" \/>\n<meta property=\"og:site_name\" content=\"Greenvass\" \/>\n<meta property=\"article:publisher\" content=\"https:\/\/www.facebook.com\/greenvass\" \/>\n<meta property=\"article:modified_time\" content=\"2025-09-17T06:55:25+00:00\" \/>\n<meta name=\"twitter:card\" content=\"summary_large_image\" \/>\n<meta name=\"twitter:site\" content=\"@GREENVASS\" \/>\n<meta name=\"twitter:label1\" content=\"Dur\u00e9e de lecture estim\u00e9e\" \/>\n\t<meta name=\"twitter:data1\" content=\"1 minute\" \/>\n<script type=\"application\/ld+json\" class=\"yoast-schema-graph\">{\"@context\":\"https:\/\/schema.org\",\"@graph\":[{\"@type\":\"Organization\",\"@id\":\"https:\/\/www.greenvass.es\/fr\/#organization\",\"name\":\"Greenvass\",\"url\":\"https:\/\/www.greenvass.es\/fr\/\",\"sameAs\":[\"https:\/\/www.instagram.com\/greenvass\/\",\"https:\/\/www.linkedin.com\/company\/greenvass\/?viewAsMember=true\",\"https:\/\/www.facebook.com\/greenvass\",\"https:\/\/twitter.com\/GREENVASS\"],\"logo\":{\"@type\":\"ImageObject\",\"inLanguage\":\"fr-FR\",\"@id\":\"https:\/\/www.greenvass.es\/fr\/#\/schema\/logo\/image\/\",\"url\":\"https:\/\/www.greenvass.es\/wp-content\/uploads\/2019\/10\/Lb.png\",\"contentUrl\":\"https:\/\/www.greenvass.es\/wp-content\/uploads\/2019\/10\/Lb.png\",\"width\":595,\"height\":191,\"caption\":\"Greenvass\"},\"image\":{\"@id\":\"https:\/\/www.greenvass.es\/fr\/#\/schema\/logo\/image\/\"}},{\"@type\":\"WebSite\",\"@id\":\"https:\/\/www.greenvass.es\/fr\/#website\",\"url\":\"https:\/\/www.greenvass.es\/fr\/\",\"name\":\"Greenvass\",\"description\":\"Technology &amp; Innovation in agriculture\",\"publisher\":{\"@id\":\"https:\/\/www.greenvass.es\/fr\/#organization\"},\"potentialAction\":[{\"@type\":\"SearchAction\",\"target\":{\"@type\":\"EntryPoint\",\"urlTemplate\":\"https:\/\/www.greenvass.es\/fr\/?s={search_term_string}\"},\"query-input\":\"required name=search_term_string\"}],\"inLanguage\":\"fr-FR\"},{\"@type\":\"WebPage\",\"@id\":\"https:\/\/www.greenvass.es\/fr\/nous-contacter\/\",\"url\":\"https:\/\/www.greenvass.es\/fr\/nous-contacter\/\",\"name\":\"nous contacter - Greenvass\",\"isPartOf\":{\"@id\":\"https:\/\/www.greenvass.es\/fr\/#website\"},\"datePublished\":\"2020-09-23T14:46:30+00:00\",\"dateModified\":\"2025-09-17T06:55:25+00:00\",\"breadcrumb\":{\"@id\":\"https:\/\/www.greenvass.es\/fr\/nous-contacter\/#breadcrumb\"},\"inLanguage\":\"fr-FR\",\"potentialAction\":[{\"@type\":\"ReadAction\",\"target\":[\"https:\/\/www.greenvass.es\/fr\/nous-contacter\/\"]}]},{\"@type\":\"BreadcrumbList\",\"@id\":\"https:\/\/www.greenvass.es\/fr\/nous-contacter\/#breadcrumb\",\"itemListElement\":[{\"@type\":\"ListItem\",\"position\":1,\"name\":\"Portada\",\"item\":\"https:\/\/www.greenvass.es\/fr\/\"},{\"@type\":\"ListItem\",\"position\":2,\"name\":\"nous contacter\"}]}]}<\/script>\n<!-- \/ Yoast SEO plugin. -->","yoast_head_json":{"title":"nous contacter - Greenvass","robots":{"index":"index","follow":"follow","max-snippet":"max-snippet:-1","max-image-preview":"max-image-preview:large","max-video-preview":"max-video-preview:-1"},"canonical":"https:\/\/www.greenvass.es\/fr\/nous-contacter\/","og_locale":"fr_FR","og_type":"article","og_title":"nous contacter - Greenvass","og_description":"[vc_row css_animation=&#8221;&#8221; row_type=&#8221;row&#8221; use_row_as_full_screen_section=&#8221;no&#8221; type=&#8221;full_width&#8221; angled_section=&#8221;no&#8221; text_align=&#8221;left&#8221; background_image_as_pattern=&#8221;without_pattern&#8221;][vc_column][vc_gmaps link=&#8221;#E-8_JTNDaWZyYW1lJTIwc3JjJTNEJTIyaHR0cHMlM0ElMkYlMkZ3d3cuZ29vZ2xlLmNvbSUyRm1hcHMlMkZlbWJlZCUzRnBiJTNEJTIxMW0xOCUyMTFtMTIlMjExbTMlMjExZDE5MTI2Ljc0Mzk0ODc3OTUlMjEyZC0xLjIzODg5NzQ1MTI3OTIyODYlMjEzZDM3Ljk2MjIyOTA2MTQyMzExNiUyMTJtMyUyMTFmMCUyMTJmMCUyMTNmMCUyMTNtMiUyMTFpMTAyNCUyMTJpNzY4JTIxNGYxMy4xJTIxM20zJTIxMW0yJTIxMXMweGQ2NDgwMTFkYmZmNTM4ZCUyNTNBMHgyNTVlMWRjMDAxM2ZjNTg0JTIxMnNDYWxsZSUyNTIwU2FuJTI1MjBQYW5jcmFjaW8lMjUyQyUyNTIwOCUyNTJDJTI1MjAzMDgzNSUyNTIwU2FuZ29uZXJhJTI1MjBsYSUyNTIwU2VjYSUyNTJDJTI1MjBNdXJjaWElMjE1ZTAlMjEzbTIlMjExc2VzJTIxMnNlcyUyMTR2MTU3MTU5NDkzOTAzNyUyMTVtMiUyMTFzZXMlMjEyc2VzJTIyJTIwd2lkdGglM0QlMjI2MDAlMjIlMjBoZWlnaHQlM0QlMjI0NTAlMjIlMjBmcmFtZWJvcmRlciUzRCUyMjAlMjIlMjBzdHlsZSUzRCUyMmJvcmRlciUzQTAlM0IlMjIlMjBhbGxvd2Z1bGxzY3JlZW4lM0QlMjIlMjIlM0UlM0MlMkZpZnJhbWUlM0U=&#8221;][\/vc_column][\/vc_row][vc_row css_animation=&#8221;&#8221; row_type=&#8221;row&#8221; use_row_as_full_screen_section=&#8221;no&#8221; type=&#8221;grid&#8221; angled_section=&#8221;no&#8221; text_align=&#8221;left&#8221; background_image_as_pattern=&#8221;without_pattern&#8221; z_index=&#8221;&#8221; css=&#8221;.vc_custom_1571597418906{padding-top: 75px !important;}&#8221;][vc_column width=&#8221;1\/3&#8243;][vc_column_text] Murcia \/ Espa\u00f1a [\/vc_column_text][vc_empty_space height=&#8221;26px&#8221;][vc_column_text] Adresse [\/vc_column_text][vc_empty_space height=&#8221;13px&#8221;][vc_column_text]C\/ San Pancracio, 8 30835 Sangonera la Seca Murcia, Spain[\/vc_column_text][vc_empty_space height=&#8221;22px&#8221;][vc_column_text] Nous contacter [\/vc_column_text][vc_empty_space height=&#8221;9px&#8221;][vc_column_text]T +34 96...","og_url":"https:\/\/www.greenvass.es\/fr\/nous-contacter\/","og_site_name":"Greenvass","article_publisher":"https:\/\/www.facebook.com\/greenvass","article_modified_time":"2025-09-17T06:55:25+00:00","twitter_card":"summary_large_image","twitter_site":"@GREENVASS","twitter_misc":{"Dur\u00e9e de lecture estim\u00e9e":"1 minute"},"schema":{"@context":"https:\/\/schema.org","@graph":[{"@type":"Organization","@id":"https:\/\/www.greenvass.es\/fr\/#organization","name":"Greenvass","url":"https:\/\/www.greenvass.es\/fr\/","sameAs":["https:\/\/www.instagram.com\/greenvass\/","https:\/\/www.linkedin.com\/company\/greenvass\/?viewAsMember=true","https:\/\/www.facebook.com\/greenvass","https:\/\/twitter.com\/GREENVASS"],"logo":{"@type":"ImageObject","inLanguage":"fr-FR","@id":"https:\/\/www.greenvass.es\/fr\/#\/schema\/logo\/image\/","url":"https:\/\/www.greenvass.es\/wp-content\/uploads\/2019\/10\/Lb.png","contentUrl":"https:\/\/www.greenvass.es\/wp-content\/uploads\/2019\/10\/Lb.png","width":595,"height":191,"caption":"Greenvass"},"image":{"@id":"https:\/\/www.greenvass.es\/fr\/#\/schema\/logo\/image\/"}},{"@type":"WebSite","@id":"https:\/\/www.greenvass.es\/fr\/#website","url":"https:\/\/www.greenvass.es\/fr\/","name":"Greenvass","description":"Technology &amp; Innovation in agriculture","publisher":{"@id":"https:\/\/www.greenvass.es\/fr\/#organization"},"potentialAction":[{"@type":"SearchAction","target":{"@type":"EntryPoint","urlTemplate":"https:\/\/www.greenvass.es\/fr\/?s={search_term_string}"},"query-input":"required name=search_term_string"}],"inLanguage":"fr-FR"},{"@type":"WebPage","@id":"https:\/\/www.greenvass.es\/fr\/nous-contacter\/","url":"https:\/\/www.greenvass.es\/fr\/nous-contacter\/","name":"nous contacter - Greenvass","isPartOf":{"@id":"https:\/\/www.greenvass.es\/fr\/#website"},"datePublished":"2020-09-23T14:46:30+00:00","dateModified":"2025-09-17T06:55:25+00:00","breadcrumb":{"@id":"https:\/\/www.greenvass.es\/fr\/nous-contacter\/#breadcrumb"},"inLanguage":"fr-FR","potentialAction":[{"@type":"ReadAction","target":["https:\/\/www.greenvass.es\/fr\/nous-contacter\/"]}]},{"@type":"BreadcrumbList","@id":"https:\/\/www.greenvass.es\/fr\/nous-contacter\/#breadcrumb","itemListElement":[{"@type":"ListItem","position":1,"name":"Portada","item":"https:\/\/www.greenvass.es\/fr\/"},{"@type":"ListItem","position":2,"name":"nous contacter"}]}]}},"_links":{"self":[{"href":"https:\/\/www.greenvass.es\/fr\/wp-json\/wp\/v2\/pages\/3659"}],"collection":[{"href":"https:\/\/www.greenvass.es\/fr\/wp-json\/wp\/v2\/pages"}],"about":[{"href":"https:\/\/www.greenvass.es\/fr\/wp-json\/wp\/v2\/types\/page"}],"author":[{"embeddable":true,"href":"https:\/\/www.greenvass.es\/fr\/wp-json\/wp\/v2\/users\/2"}],"replies":[{"embeddable":true,"href":"https:\/\/www.greenvass.es\/fr\/wp-json\/wp\/v2\/comments?post=3659"}],"version-history":[{"count":6,"href":"https:\/\/www.greenvass.es\/fr\/wp-json\/wp\/v2\/pages\/3659\/revisions"}],"predecessor-version":[{"id":8096,"href":"https:\/\/www.greenvass.es\/fr\/wp-json\/wp\/v2\/pages\/3659\/revisions\/8096"}],"wp:attachment":[{"href":"https:\/\/www.greenvass.es\/fr\/wp-json\/wp\/v2\/media?parent=3659"}],"curies":[{"name":"wp","href":"https:\/\/api.w.org\/{rel}","templated":true}]}}