{"id":3555,"date":"2020-09-23T12:07:35","date_gmt":"2020-09-23T10:07:35","guid":{"rendered":"https:\/\/www.greenvass.es\/greenhydro\/"},"modified":"2024-08-30T14:18:17","modified_gmt":"2024-08-30T12:18:17","slug":"greenhydro","status":"publish","type":"page","link":"https:\/\/www.greenvass.es\/fr\/greenhydro\/","title":{"rendered":"greenhydro"},"content":{"rendered":"<p>[vc_row css_animation=&#8221;&#8221; row_type=&#8221;row&#8221; use_row_as_full_screen_section=&#8221;no&#8221; type=&#8221;full_width&#8221; angled_section=&#8221;no&#8221; text_align=&#8221;left&#8221; background_image_as_pattern=&#8221;without_pattern&#8221; z_index=&#8221;&#8221;][vc_column]<div class=\"q_image_with_text_over\"><div class=\"shader\" ><\/div><img itemprop=\"image\" src=\"https:\/\/www.greenvass.es\/wp-content\/uploads\/2020\/01\/HIDROPONIA.jpg\" alt=\"\" \/><div class=\"text\"><table><tr><td><h3 class=\"caption no_icon\" style=\"\"><\/h3><\/td><\/tr><\/table><table><tr><td><div class=\"desc\"><\/p>\n<h2 style=\"text-align: center;\"><span style=\"color: #ffffff;\">greenhydro<\/span><\/h2>\n<p><\/div><\/td><\/tr><\/table><\/div><\/div>[\/vc_column][\/vc_row][vc_row css_animation=&#8221;&#8221; row_type=&#8221;row&#8221; use_row_as_full_screen_section=&#8221;no&#8221; type=&#8221;grid&#8221; angled_section=&#8221;no&#8221; text_align=&#8221;left&#8221; background_image_as_pattern=&#8221;without_pattern&#8221; padding_bottom=&#8221;30&#8243; z_index=&#8221;&#8221; css=&#8221;.vc_custom_1519805768361{background-color: #f7f3f1 !important;}&#8221;][vc_column css=&#8221;.vc_custom_1519807360739{margin-top: -14% !important;}&#8221;][qode_elements_holder number_of_columns=&#8221;one_column&#8221;][qode_elements_holder_item advanced_animations=&#8221;no&#8221; item_padding=&#8221;90px 0 0 0&#8243; item_padding_600_768=&#8221;8px 0 0 0&#8243; item_padding_480_600=&#8221;0px 0 0 0&#8243; item_padding_480=&#8221;0px 0 0 0&#8243;][vc_empty_space height=&#8221;1px&#8221;][\/qode_elements_holder_item][\/qode_elements_holder]<div class=\"qode-advanced-tabs qode-advanced-tabs qode-advanced-horizontal-tab clearfix qode-advanced-tab-without-icon qode-advanced-tabs-column-2 clearfix\">\n\t<ul class=\"qode-advanced-tabs-nav\">\n\t\t\t\t\t<li>\n\t\t\t\t<h4>\n\t\t\t\t\t<a href=\"#tab-elements\">\n\t\t\t\t\t\t\n\t\t\t\t\t\t\t\t\t\t\t\t\t<span class=\"qode-advanced-tab-text-after-icon\">\n\t\t\t\t\t\t\t\t\u00c9l\u00e9ments\t\t\t\t\t\t\t<\/span>\n\t\t\t\t\t\t\t\t\t\t\t<\/a>\n\t\t\t\t<\/h4>\n\t\t\t<\/li>\n\t\t\t\t\t<li>\n\t\t\t\t<h4>\n\t\t\t\t\t<a href=\"#tab-systemes\">\n\t\t\t\t\t\t\n\t\t\t\t\t\t\t\t\t\t\t\t\t<span class=\"qode-advanced-tab-text-after-icon\">\n\t\t\t\t\t\t\t\tSyst\u00e8mes\t\t\t\t\t\t\t<\/span>\n\t\t\t\t\t\t\t\t\t\t\t<\/a>\n\t\t\t\t<\/h4>\n\t\t\t<\/li>\n\t\t\t<\/ul>\n\t<div class=\"qode-advanced-tab-container\" id=\"tab-elements-527\" data-icon-pack=\"\" data-icon-html=\"\">[vc_row_inner row_type=&#8221;row&#8221; type=&#8221;full_width&#8221; text_align=&#8221;left&#8221; css_animation=&#8221;&#8221; el_id=&#8221;ELEMENTOS INTRO&#8221;][vc_column_inner offset=&#8221;vc_col-lg-3 vc_col-md-6&#8243;][vc_empty_space height=&#8221;20px&#8221;][vc_single_image image=&#8221;2437&#8243; img_size=&#8221;270&#215;270&#8243; qode_css_animation=&#8221;&#8221; qode_hover_animation=&#8221;darken&#8221;][vc_single_image image=&#8221;2338&#8243; img_size=&#8221;300&#215;87,5&#8243; qode_css_animation=&#8221;&#8221; qode_hover_animation=&#8221;zoom_in&#8221;][vc_empty_space height=&#8221;20px&#8221;][\/vc_column_inner][vc_column_inner offset=&#8221;vc_col-lg-3 vc_col-md-6&#8243;][vc_empty_space height=&#8221;20px&#8221;][vc_column_text]<\/p>\n<h3>\u00c9l\u00e9ments pour les cultures hydroponiques<\/h3>\n<p>[\/vc_column_text][vc_empty_space height=&#8221;20px&#8221;][vc_column_text]<\/p>\n<p style=\"text-align: justify;\">Nous offrons les \u00e9l\u00e9ments n\u00e9cessaires pour le contr\u00f4le et la recirculation des drainages dans les cultures hydroponiques en serre. Canaux, bobines et entretoises de diff\u00e9rentes tailles, adapt\u00e9s aux besoins de chaque culture.<\/p>\n<p>[\/vc_column_text][vc_empty_space height=&#8221;20px&#8221;][\/vc_column_inner][vc_column_inner offset=&#8221;vc_col-lg-3 vc_col-md-6&#8243;][vc_empty_space height=&#8221;20px&#8221;][vc_gallery interval=&#8221;3&#8243; images=&#8221;2371,2369&#8243;][vc_empty_space height=&#8221;20px&#8221;][\/vc_column_inner][vc_column_inner offset=&#8221;vc_col-lg-3 vc_col-md-6&#8243;][vc_empty_space height=&#8221;20px&#8221;][vc_column_text]<\/p>\n<ul>\n<li>Ind\u00e9pendance du sol, \u00e9vitant les probl\u00e8mes de parasites et permettant un meilleur contr\u00f4le de la plante.<\/li>\n<li>Les entretoises permettent une meilleure ventilation entre le canal et le substrat et emp\u00eachent les blocages.<\/li>\n<li>R\u00e9duction de la consommation d\u2019eau et optimisation des engrais gr\u00e2ce \u00e0 la collecte et \u00e0 la recirculation des drains d\u2019irrigation.<\/li>\n<li>Les entretoises sont connect\u00e9es de mani\u00e8re tr\u00e8s simple afin d\u2019obtenir la bonne longueur pour chaque canal.<\/li>\n<\/ul>\n<p>[\/vc_column_text][vc_empty_space height=&#8221;20px&#8221;][\/vc_column_inner][\/vc_row_inner][vc_empty_space height=&#8221;20px&#8221;][vc_row_inner row_type=&#8221;expandable&#8221; text_align=&#8221;left&#8221; more_button_label=&#8221;voir&#8221; less_button_label=&#8221;ferm\u00e9&#8221; el_id=&#8221;ELEMENTOS LIST&#8221;][vc_column_inner width=&#8221;1\/4&#8243;][vc_column_text]<\/p>\n<h4 style=\"text-align: center;\"><span style=\"color: #808080;\" data-darkreader-inline-color=\"\">CANAL<\/span><\/h4>\n<p><span style=\"color: #ffffff;\">.<\/span>[\/vc_column_text][vc_empty_space height=&#8221;20px&#8221;][vc_single_image image=&#8221;2334&#8243; img_size=&#8221;300&#215;300&#8243; alignment=&#8221;center&#8221; qode_css_animation=&#8221;&#8221; qode_hover_animation=&#8221;zoom_in&#8221;][qode_elements_holder number_of_columns=&#8221;one_column&#8221;][qode_elements_holder_item horizontal_alignment=&#8221;center&#8221; advanced_animations=&#8221;no&#8221;]\n\n\t<a href=\"https:\/\/www.greenvass.es\/fr\/formulaire\/\" target=\"_blank\" style=\"color: #78b82a;font-family: Work sans;font-size: 17px\" class=\"qode-btn qode-btn-medium qode-btn-simple qode-btn-custom-hover-color qode-btn-icon qode-btn-default-hover\" data-hover-color=\"#90dd33\" >\n\t    <span class=\"qode-btn-text\">Fiche technique<\/span><span class=\"qode-button-v2-icon-holder\"  ><i class=\"qodef-icon-dripicons dripicon dripicons-download qode-button-v2-icon-holder-inner\" ><\/i><\/span>\t<\/a>\n\n[vc_empty_space height=&#8221;20px&#8221;][\/qode_elements_holder_item][\/qode_elements_holder][vc_empty_space height=&#8221;46px&#8221;][\/vc_column_inner][vc_column_inner width=&#8221;1\/4&#8243;][vc_column_text]<\/p>\n<h4 style=\"text-align: center;\"><span style=\"color: #808080;\" data-darkreader-inline-color=\"\">PLATEAU DE SUPPORT DE CULTURE<\/span><\/h4>\n<p>[\/vc_column_text][vc_empty_space height=&#8221;20px&#8221;][vc_single_image image=&#8221;7526&#8243; img_size=&#8221;300&#215;300&#8243; alignment=&#8221;center&#8221; qode_css_animation=&#8221;&#8221; qode_hover_animation=&#8221;zoom_in&#8221;][qode_elements_holder number_of_columns=&#8221;one_column&#8221;][qode_elements_holder_item horizontal_alignment=&#8221;center&#8221; advanced_animations=&#8221;no&#8221;]\n\n\t<a href=\"https:\/\/www.greenvass.es\/fr\/formulaire\/\" target=\"_blank\" style=\"color: #78b82a;font-family: Work sans;font-size: 17px\" class=\"qode-btn qode-btn-medium qode-btn-simple qode-btn-custom-hover-color qode-btn-icon qode-btn-default-hover\" data-hover-color=\"#90dd33\" >\n\t    <span class=\"qode-btn-text\">Fiche technique<\/span><span class=\"qode-button-v2-icon-holder\"  ><i class=\"qodef-icon-dripicons dripicon dripicons-download qode-button-v2-icon-holder-inner\" ><\/i><\/span>\t<\/a>\n\n[vc_empty_space height=&#8221;20px&#8221;][\/qode_elements_holder_item][\/qode_elements_holder][\/vc_column_inner][vc_column_inner width=&#8221;1\/4&#8243;][vc_column_text]<\/p>\n<h4 style=\"text-align: center;\"><span style=\"color: #808080;\" data-darkreader-inline-color=\"\">ENTRETOISE<\/span><\/h4>\n<p><span style=\"color: #ffffff;\">.<\/span>[\/vc_column_text][vc_empty_space height=&#8221;20px&#8221;][vc_single_image image=&#8221;2328&#8243; img_size=&#8221;300&#215;300&#8243; alignment=&#8221;center&#8221; qode_css_animation=&#8221;&#8221; qode_hover_animation=&#8221;zoom_in&#8221;][qode_elements_holder number_of_columns=&#8221;one_column&#8221;][qode_elements_holder_item horizontal_alignment=&#8221;center&#8221; advanced_animations=&#8221;no&#8221;]\n\n\t<a href=\"https:\/\/www.greenvass.es\/fr\/formulaire\/\" target=\"_blank\" style=\"color: #78b82a;font-family: Work sans;font-size: 17px\" class=\"qode-btn qode-btn-medium qode-btn-simple qode-btn-custom-hover-color qode-btn-icon qode-btn-default-hover\" data-hover-color=\"#90dd33\" >\n\t    <span class=\"qode-btn-text\">Fiche technique<\/span><span class=\"qode-button-v2-icon-holder\"  ><i class=\"qodef-icon-dripicons dripicon dripicons-download qode-button-v2-icon-holder-inner\" ><\/i><\/span>\t<\/a>\n\n[vc_empty_space height=&#8221;20px&#8221;][\/qode_elements_holder_item][\/qode_elements_holder][\/vc_column_inner][\/vc_row_inner]<\/div><div class=\"qode-advanced-tab-container\" id=\"tab-systemes-740\" data-icon-pack=\"\" data-icon-html=\"\">[vc_row_inner row_type=&#8221;row&#8221; type=&#8221;full_width&#8221; text_align=&#8221;left&#8221; css_animation=&#8221;&#8221; el_id=&#8221;SISTEMAS INTRO&#8221;][vc_column_inner offset=&#8221;vc_col-lg-3 vc_col-md-6&#8243;][vc_empty_space height=&#8221;20px&#8221;][vc_single_image image=&#8221;1013&#8243; img_size=&#8221;270&#215;270&#8243; qode_css_animation=&#8221;&#8221; qode_hover_animation=&#8221;darken&#8221;][vc_single_image image=&#8221;2338&#8243; img_size=&#8221;300&#215;87,5&#8243; qode_css_animation=&#8221;&#8221; qode_hover_animation=&#8221;zoom_in&#8221;][vc_empty_space height=&#8221;20px&#8221;][\/vc_column_inner][vc_column_inner offset=&#8221;vc_col-lg-3 vc_col-md-6&#8243;][vc_empty_space height=&#8221;20px&#8221;][vc_column_text]<\/p>\n<h3>Syst\u00e8mes complets<\/h3>\n<p>[\/vc_column_text][vc_empty_space height=&#8221;20px&#8221;][vc_column_text]<\/p>\n<p style=\"text-align: justify;\">Les syst\u00e8mes GREENHYDRO offrent une s\u00e9rie de combinaisons d\u2019\u00e9l\u00e9ments adapt\u00e9es \u00e0 diff\u00e9rents syst\u00e8mes de culture. Adapt\u00e9s pour tous les types de substrats et aussi pour la culture en pots, ils r\u00e9pondent \u00e0 tous les besoins.<\/p>\n<p>[\/vc_column_text][vc_empty_space height=&#8221;20px&#8221;][\/vc_column_inner][vc_column_inner offset=&#8221;vc_col-lg-3 vc_col-md-6&#8243;][vc_empty_space height=&#8221;20px&#8221;][vc_gallery interval=&#8221;3&#8243; images=&#8221;2375,2373&#8243;][vc_empty_space height=&#8221;20px&#8221;][\/vc_column_inner][vc_column_inner offset=&#8221;vc_col-lg-3 vc_col-md-6&#8243;][vc_empty_space height=&#8221;20px&#8221;][vc_column_text]<\/p>\n<ul>\n<li>Production accrue: l\u2019optimisation de l\u2019eau, des nutriments et de l\u2019espace augmente la production de la culture.<\/li>\n<li>R\u00e9duction de la consommation d\u2019eau et optimisation des engrais gr\u00e2ce \u00e0 la collecte et \u00e0 la recirculation des drains d\u2019irrigation.<\/li>\n<li>Adaptabilit\u00e9 \u00e0 l\u2019espace disponible: les entretoises sont connect\u00e9es<br \/>\nde mani\u00e8re tr\u00e8s simple afin d\u2019obtenir la bonne longueur pour chaque canal.<\/li>\n<\/ul>\n<p>[\/vc_column_text][vc_empty_space height=&#8221;20px&#8221;][\/vc_column_inner][\/vc_row_inner][vc_empty_space height=&#8221;20px&#8221;][vc_row_inner row_type=&#8221;expandable&#8221; text_align=&#8221;left&#8221; el_id=&#8221;SISTEMAS LIST&#8221; more_button_label=&#8221;voir&#8221; less_button_label=&#8221;ferm\u00e9&#8221;][vc_column_inner width=&#8221;1\/2&#8243;][vc_column_text]<\/p>\n<h4 style=\"text-align: center;\"><span style=\"color: #808080;\" data-darkreader-inline-color=\"\">GREENHYDRO AIR<\/span><\/h4>\n<h4 style=\"text-align: center;\"><span style=\"color: #ffffff;\">.<\/span><\/h4>\n<p>[\/vc_column_text][vc_empty_space height=&#8221;20px&#8221;][vc_single_image image=&#8221;3903&#8243; img_size=&#8221;300&#215;300&#8243; alignment=&#8221;center&#8221; qode_css_animation=&#8221;&#8221; qode_hover_animation=&#8221;zoom_in&#8221;][vc_empty_space height=&#8221;20px&#8221;][qode_elements_holder number_of_columns=&#8221;one_column&#8221;][qode_elements_holder_item horizontal_alignment=&#8221;center&#8221; advanced_animations=&#8221;no&#8221;]\n\n\t<a href=\"https:\/\/www.greenvass.es\/fr\/formulaire\/\" target=\"_blank\" style=\"color: #78b82a;font-family: Work sans;font-size: 17px\" class=\"qode-btn qode-btn-medium qode-btn-simple qode-btn-custom-hover-color qode-btn-icon qode-btn-default-hover\" data-hover-color=\"#90dd33\" >\n\t    <span class=\"qode-btn-text\">Fiche technique<\/span><span class=\"qode-button-v2-icon-holder\"  ><i class=\"qodef-icon-dripicons dripicon dripicons-download qode-button-v2-icon-holder-inner\" ><\/i><\/span>\t<\/a>\n\n[vc_empty_space height=&#8221;20px&#8221;][\/qode_elements_holder_item][\/qode_elements_holder][vc_empty_space height=&#8221;46px&#8221;][\/vc_column_inner][vc_column_inner width=&#8221;1\/2&#8243;][vc_column_text]<\/p>\n<h4 style=\"text-align: center;\"><span style=\"color: #808080;\" data-darkreader-inline-color=\"\">GREENHYDRO POT SYSTEMS<br \/>\n<\/span><\/h4>\n<h4 style=\"text-align: center;\"><span style=\"color: #ffffff;\">.<\/span><\/h4>\n<p>[\/vc_column_text][vc_empty_space height=&#8221;20px&#8221;][vc_single_image image=&#8221;5394&#8243; img_size=&#8221;300&#215;300&#8243; alignment=&#8221;center&#8221; qode_css_animation=&#8221;&#8221; qode_hover_animation=&#8221;zoom_in&#8221;][vc_empty_space height=&#8221;20px&#8221;][qode_elements_holder number_of_columns=&#8221;one_column&#8221;][qode_elements_holder_item horizontal_alignment=&#8221;center&#8221; advanced_animations=&#8221;no&#8221;]\n\n\t<a href=\"https:\/\/www.greenvass.es\/fr\/formulaire\/\" target=\"_blank\" style=\"color: #78b82a;font-family: Work sans;font-size: 17px\" class=\"qode-btn qode-btn-medium qode-btn-simple qode-btn-custom-hover-color qode-btn-icon qode-btn-default-hover\" data-hover-color=\"#90dd33\" >\n\t    <span class=\"qode-btn-text\">Fiche technique<\/span><span class=\"qode-button-v2-icon-holder\"  ><i class=\"qodef-icon-dripicons dripicon dripicons-download qode-button-v2-icon-holder-inner\" ><\/i><\/span>\t<\/a>\n\n[vc_empty_space height=&#8221;20px&#8221;][\/qode_elements_holder_item][\/qode_elements_holder][\/vc_column_inner][\/vc_row_inner]<\/div><\/div>[\/vc_column][\/vc_row][vc_row css_animation=&#8221;&#8221; row_type=&#8221;row&#8221; use_row_as_full_screen_section=&#8221;no&#8221; type=&#8221;full_width&#8221; angled_section=&#8221;no&#8221; text_align=&#8221;left&#8221; background_image_as_pattern=&#8221;without_pattern&#8221;][vc_column][vc_empty_space][\/vc_column][\/vc_row]<\/p>\n","protected":false},"excerpt":{"rendered":"<p>[vc_row css_animation=&#8221;&#8221; row_type=&#8221;row&#8221; use_row_as_full_screen_section=&#8221;no&#8221; type=&#8221;full_width&#8221; angled_section=&#8221;no&#8221; text_align=&#8221;left&#8221; background_image_as_pattern=&#8221;without_pattern&#8221; z_index=&#8221;&#8221;][vc_column][\/vc_column][\/vc_row][vc_row css_animation=&#8221;&#8221; row_type=&#8221;row&#8221; use_row_as_full_screen_section=&#8221;no&#8221; type=&#8221;grid&#8221; angled_section=&#8221;no&#8221; text_align=&#8221;left&#8221; background_image_as_pattern=&#8221;without_pattern&#8221; padding_bottom=&#8221;30&#8243; z_index=&#8221;&#8221; css=&#8221;.vc_custom_1519805768361{background-color: #f7f3f1 !important;}&#8221;][vc_column css=&#8221;.vc_custom_1519807360739{margin-top: -14% !important;}&#8221;][qode_elements_holder number_of_columns=&#8221;one_column&#8221;][qode_elements_holder_item advanced_animations=&#8221;no&#8221; item_padding=&#8221;90px 0 0 0&#8243; item_padding_600_768=&#8221;8px 0 0 0&#8243; item_padding_480_600=&#8221;0px 0 0 0&#8243; item_padding_480=&#8221;0px 0 0 0&#8243;][vc_empty_space height=&#8221;1px&#8221;][\/qode_elements_holder_item][\/qode_elements_holder][\/vc_column][\/vc_row][vc_row css_animation=&#8221;&#8221; row_type=&#8221;row&#8221;&#8230;<\/p>\n","protected":false},"author":2,"featured_media":0,"parent":0,"menu_order":0,"comment_status":"closed","ping_status":"closed","template":"full_width.php","meta":{"_monsterinsights_skip_tracking":false,"_monsterinsights_sitenote_active":false,"_monsterinsights_sitenote_note":"","_monsterinsights_sitenote_category":0},"yoast_head":"<!-- This site is optimized with the Yoast SEO plugin v19.4 - https:\/\/yoast.com\/wordpress\/plugins\/seo\/ -->\n<title>\u00c9l\u00e9ments pour hydroponie. Cultures hydroponiques - Greenvass<\/title>\n<meta name=\"description\" content=\"Nous offrons les \u00e9l\u00e9ments n\u00e9cessaires pour le contr\u00f4le et la recirculation des drainages dans les cultures hydroponiques en serre. Canaux, bobines et entretoises de diff\u00e9rentes tailles, adapt\u00e9s aux besoins de chaque culture.\" \/>\n<meta name=\"robots\" content=\"index, follow, max-snippet:-1, max-image-preview:large, max-video-preview:-1\" \/>\n<link rel=\"canonical\" href=\"https:\/\/www.greenvass.es\/fr\/greenhydro\/\" \/>\n<meta property=\"og:locale\" content=\"fr_FR\" \/>\n<meta property=\"og:type\" content=\"article\" \/>\n<meta property=\"og:title\" content=\"\u00c9l\u00e9ments pour hydroponie. Cultures hydroponiques - Greenvass\" \/>\n<meta property=\"og:description\" content=\"Nous offrons les \u00e9l\u00e9ments n\u00e9cessaires pour le contr\u00f4le et la recirculation des drainages dans les cultures hydroponiques en serre. Canaux, bobines et entretoises de diff\u00e9rentes tailles, adapt\u00e9s aux besoins de chaque culture.\" \/>\n<meta property=\"og:url\" content=\"https:\/\/www.greenvass.es\/fr\/greenhydro\/\" \/>\n<meta property=\"og:site_name\" content=\"Greenvass\" \/>\n<meta property=\"article:publisher\" content=\"https:\/\/www.facebook.com\/greenvass\" \/>\n<meta property=\"article:modified_time\" content=\"2024-08-30T12:18:17+00:00\" \/>\n<meta name=\"twitter:card\" content=\"summary_large_image\" \/>\n<meta name=\"twitter:site\" content=\"@GREENVASS\" \/>\n<meta name=\"twitter:label1\" content=\"Dur\u00e9e de lecture estim\u00e9e\" \/>\n\t<meta name=\"twitter:data1\" content=\"3 minutes\" \/>\n<script type=\"application\/ld+json\" class=\"yoast-schema-graph\">{\"@context\":\"https:\/\/schema.org\",\"@graph\":[{\"@type\":\"Organization\",\"@id\":\"https:\/\/www.greenvass.es\/fr\/#organization\",\"name\":\"Greenvass\",\"url\":\"https:\/\/www.greenvass.es\/fr\/\",\"sameAs\":[\"https:\/\/www.instagram.com\/greenvass\/\",\"https:\/\/www.linkedin.com\/company\/greenvass\/?viewAsMember=true\",\"https:\/\/www.facebook.com\/greenvass\",\"https:\/\/twitter.com\/GREENVASS\"],\"logo\":{\"@type\":\"ImageObject\",\"inLanguage\":\"fr-FR\",\"@id\":\"https:\/\/www.greenvass.es\/fr\/#\/schema\/logo\/image\/\",\"url\":\"https:\/\/www.greenvass.es\/wp-content\/uploads\/2019\/10\/Lb.png\",\"contentUrl\":\"https:\/\/www.greenvass.es\/wp-content\/uploads\/2019\/10\/Lb.png\",\"width\":595,\"height\":191,\"caption\":\"Greenvass\"},\"image\":{\"@id\":\"https:\/\/www.greenvass.es\/fr\/#\/schema\/logo\/image\/\"}},{\"@type\":\"WebSite\",\"@id\":\"https:\/\/www.greenvass.es\/fr\/#website\",\"url\":\"https:\/\/www.greenvass.es\/fr\/\",\"name\":\"Greenvass\",\"description\":\"Technology &amp; Innovation in agriculture\",\"publisher\":{\"@id\":\"https:\/\/www.greenvass.es\/fr\/#organization\"},\"potentialAction\":[{\"@type\":\"SearchAction\",\"target\":{\"@type\":\"EntryPoint\",\"urlTemplate\":\"https:\/\/www.greenvass.es\/fr\/?s={search_term_string}\"},\"query-input\":\"required name=search_term_string\"}],\"inLanguage\":\"fr-FR\"},{\"@type\":\"WebPage\",\"@id\":\"https:\/\/www.greenvass.es\/fr\/greenhydro\/\",\"url\":\"https:\/\/www.greenvass.es\/fr\/greenhydro\/\",\"name\":\"\u00c9l\u00e9ments pour hydroponie. Cultures hydroponiques - Greenvass\",\"isPartOf\":{\"@id\":\"https:\/\/www.greenvass.es\/fr\/#website\"},\"datePublished\":\"2020-09-23T10:07:35+00:00\",\"dateModified\":\"2024-08-30T12:18:17+00:00\",\"description\":\"Nous offrons les \u00e9l\u00e9ments n\u00e9cessaires pour le contr\u00f4le et la recirculation des drainages dans les cultures hydroponiques en serre. Canaux, bobines et entretoises de diff\u00e9rentes tailles, adapt\u00e9s aux besoins de chaque culture.\",\"breadcrumb\":{\"@id\":\"https:\/\/www.greenvass.es\/fr\/greenhydro\/#breadcrumb\"},\"inLanguage\":\"fr-FR\",\"potentialAction\":[{\"@type\":\"ReadAction\",\"target\":[\"https:\/\/www.greenvass.es\/fr\/greenhydro\/\"]}]},{\"@type\":\"BreadcrumbList\",\"@id\":\"https:\/\/www.greenvass.es\/fr\/greenhydro\/#breadcrumb\",\"itemListElement\":[{\"@type\":\"ListItem\",\"position\":1,\"name\":\"Portada\",\"item\":\"https:\/\/www.greenvass.es\/fr\/\"},{\"@type\":\"ListItem\",\"position\":2,\"name\":\"greenhydro\"}]}]}<\/script>\n<!-- \/ Yoast SEO plugin. -->","yoast_head_json":{"title":"\u00c9l\u00e9ments pour hydroponie. Cultures hydroponiques - Greenvass","description":"Nous offrons les \u00e9l\u00e9ments n\u00e9cessaires pour le contr\u00f4le et la recirculation des drainages dans les cultures hydroponiques en serre. Canaux, bobines et entretoises de diff\u00e9rentes tailles, adapt\u00e9s aux besoins de chaque culture.","robots":{"index":"index","follow":"follow","max-snippet":"max-snippet:-1","max-image-preview":"max-image-preview:large","max-video-preview":"max-video-preview:-1"},"canonical":"https:\/\/www.greenvass.es\/fr\/greenhydro\/","og_locale":"fr_FR","og_type":"article","og_title":"\u00c9l\u00e9ments pour hydroponie. Cultures hydroponiques - Greenvass","og_description":"Nous offrons les \u00e9l\u00e9ments n\u00e9cessaires pour le contr\u00f4le et la recirculation des drainages dans les cultures hydroponiques en serre. Canaux, bobines et entretoises de diff\u00e9rentes tailles, adapt\u00e9s aux besoins de chaque culture.","og_url":"https:\/\/www.greenvass.es\/fr\/greenhydro\/","og_site_name":"Greenvass","article_publisher":"https:\/\/www.facebook.com\/greenvass","article_modified_time":"2024-08-30T12:18:17+00:00","twitter_card":"summary_large_image","twitter_site":"@GREENVASS","twitter_misc":{"Dur\u00e9e de lecture estim\u00e9e":"3 minutes"},"schema":{"@context":"https:\/\/schema.org","@graph":[{"@type":"Organization","@id":"https:\/\/www.greenvass.es\/fr\/#organization","name":"Greenvass","url":"https:\/\/www.greenvass.es\/fr\/","sameAs":["https:\/\/www.instagram.com\/greenvass\/","https:\/\/www.linkedin.com\/company\/greenvass\/?viewAsMember=true","https:\/\/www.facebook.com\/greenvass","https:\/\/twitter.com\/GREENVASS"],"logo":{"@type":"ImageObject","inLanguage":"fr-FR","@id":"https:\/\/www.greenvass.es\/fr\/#\/schema\/logo\/image\/","url":"https:\/\/www.greenvass.es\/wp-content\/uploads\/2019\/10\/Lb.png","contentUrl":"https:\/\/www.greenvass.es\/wp-content\/uploads\/2019\/10\/Lb.png","width":595,"height":191,"caption":"Greenvass"},"image":{"@id":"https:\/\/www.greenvass.es\/fr\/#\/schema\/logo\/image\/"}},{"@type":"WebSite","@id":"https:\/\/www.greenvass.es\/fr\/#website","url":"https:\/\/www.greenvass.es\/fr\/","name":"Greenvass","description":"Technology &amp; Innovation in agriculture","publisher":{"@id":"https:\/\/www.greenvass.es\/fr\/#organization"},"potentialAction":[{"@type":"SearchAction","target":{"@type":"EntryPoint","urlTemplate":"https:\/\/www.greenvass.es\/fr\/?s={search_term_string}"},"query-input":"required name=search_term_string"}],"inLanguage":"fr-FR"},{"@type":"WebPage","@id":"https:\/\/www.greenvass.es\/fr\/greenhydro\/","url":"https:\/\/www.greenvass.es\/fr\/greenhydro\/","name":"\u00c9l\u00e9ments pour hydroponie. Cultures hydroponiques - Greenvass","isPartOf":{"@id":"https:\/\/www.greenvass.es\/fr\/#website"},"datePublished":"2020-09-23T10:07:35+00:00","dateModified":"2024-08-30T12:18:17+00:00","description":"Nous offrons les \u00e9l\u00e9ments n\u00e9cessaires pour le contr\u00f4le et la recirculation des drainages dans les cultures hydroponiques en serre. Canaux, bobines et entretoises de diff\u00e9rentes tailles, adapt\u00e9s aux besoins de chaque culture.","breadcrumb":{"@id":"https:\/\/www.greenvass.es\/fr\/greenhydro\/#breadcrumb"},"inLanguage":"fr-FR","potentialAction":[{"@type":"ReadAction","target":["https:\/\/www.greenvass.es\/fr\/greenhydro\/"]}]},{"@type":"BreadcrumbList","@id":"https:\/\/www.greenvass.es\/fr\/greenhydro\/#breadcrumb","itemListElement":[{"@type":"ListItem","position":1,"name":"Portada","item":"https:\/\/www.greenvass.es\/fr\/"},{"@type":"ListItem","position":2,"name":"greenhydro"}]}]}},"_links":{"self":[{"href":"https:\/\/www.greenvass.es\/fr\/wp-json\/wp\/v2\/pages\/3555"}],"collection":[{"href":"https:\/\/www.greenvass.es\/fr\/wp-json\/wp\/v2\/pages"}],"about":[{"href":"https:\/\/www.greenvass.es\/fr\/wp-json\/wp\/v2\/types\/page"}],"author":[{"embeddable":true,"href":"https:\/\/www.greenvass.es\/fr\/wp-json\/wp\/v2\/users\/2"}],"replies":[{"embeddable":true,"href":"https:\/\/www.greenvass.es\/fr\/wp-json\/wp\/v2\/comments?post=3555"}],"version-history":[{"count":14,"href":"https:\/\/www.greenvass.es\/fr\/wp-json\/wp\/v2\/pages\/3555\/revisions"}],"predecessor-version":[{"id":7569,"href":"https:\/\/www.greenvass.es\/fr\/wp-json\/wp\/v2\/pages\/3555\/revisions\/7569"}],"wp:attachment":[{"href":"https:\/\/www.greenvass.es\/fr\/wp-json\/wp\/v2\/media?parent=3555"}],"curies":[{"name":"wp","href":"https:\/\/api.w.org\/{rel}","templated":true}]}}